{"id":7041,"date":"2020-04-03T20:06:56","date_gmt":"2020-04-03T20:06:56","guid":{"rendered":"https:\/\/evotek.md\/?post_type=product&#038;p=7041"},"modified":"2020-04-03T20:06:57","modified_gmt":"2020-04-03T20:06:57","slug":"cutit-pentru-curatarea-legumelor-curbat-600-%d0%bc%d0%bc-st-283062","status":"publish","type":"product","link":"https:\/\/evotek.md\/ro\/produse\/accesorii-si-inventar-bucatarie\/cutite-bucatarie\/cutit-pentru-curatarea-legumelor-curbat-600-%d0%bc%d0%bc-st-283062\/","title":{"rendered":"CU\u021aIT PENTRU CUR\u0102\u021aAREA LEGUMELOR CURBAT 600 \u043c\u043c -ST-283062-"},"content":{"rendered":"<p><strong>CU\u021aIT PENTRU CUR\u0102\u021aAREA LEGUMELOR CURBAT 600 \u043c\u043c -ST-283062- <\/strong>Cu\u021bite profesionale de buc\u0103t\u0103rie de calitate european\u0103 pentru hoteluri, restaurante, cafenele \u0219i baruri.<\/p>\n<p>Caracteristici<\/p>\n<p>Lungime: 600 mm<\/p>\n<p>Culoare: verde<\/p>\n<p>Poate fi sp\u0103lat \u00een ma\u0219ina de sp\u0103lat vase<\/p>\n<p>&nbsp;<\/p>\n","protected":false},"excerpt":{"rendered":"<p>Cu\u021bit pentru cur\u0103\u021barea legumelor curbat 600 mm. Culoare: verde; Poate fi sp\u0103lat \u00een ma\u0219ina de sp\u0103lat vase.<\/p>\n","protected":false},"featured_media":7040,"template":"","meta":[],"_links":{"self":[{"href":"https:\/\/evotek.md\/ro\/wp-json\/wp\/v2\/product\/7041"}],"collection":[{"href":"https:\/\/evotek.md\/ro\/wp-json\/wp\/v2\/product"}],"about":[{"href":"https:\/\/evotek.md\/ro\/wp-json\/wp\/v2\/types\/product"}],"wp:featuredmedia":[{"embeddable":true,"href":"https:\/\/evotek.md\/ro\/wp-json\/wp\/v2\/media\/7040"}],"wp:attachment":[{"href":"https:\/\/evotek.md\/ro\/wp-json\/wp\/v2\/media?parent=7041"}],"curies":[{"name":"wp","href":"https:\/\/api.w.org\/{rel}","templated":true}]}}