{"id":7013,"date":"2020-04-03T19:13:45","date_gmt":"2020-04-03T19:13:45","guid":{"rendered":"https:\/\/evotek.md\/?post_type=product&#038;p=7013"},"modified":"2020-04-03T19:13:45","modified_gmt":"2020-04-03T19:13:45","slug":"cutit-pentru-taierea-copturilor-300-mm-st-2533020","status":"publish","type":"product","link":"https:\/\/evotek.md\/ro\/produse\/accesorii-si-inventar-bucatarie\/cutite-bucatarie\/cutit-pentru-taierea-copturilor-300-mm-st-2533020\/","title":{"rendered":"CU\u021aIT PENTRU T\u0102IEREA COPTURILOR 300 mm -ST- 2533020"},"content":{"rendered":"<p><strong>CU\u021aIT PENTRU T\u0102IEREA COPTURILOR 300 mm -ST-<\/strong> <strong>2533020- <\/strong>Cu\u021bite profesionale de buc\u0103t\u0103rie de calitate european\u0103 pentru hoteluri, restaurante, cafenele \u0219i baruri.<\/p>\n<p>Caracteristici<\/p>\n<p>Lungime: 300 mm<\/p>\n<p>Se spal\u0103 \u00een ma\u0219ina de sp\u0103lat vase<\/p>\n<p>&nbsp;<\/p>\n<p>&nbsp;<\/p>\n","protected":false},"excerpt":{"rendered":"<p>Cu\u021bit pentru t\u0103ierea copturilor 300 mm. Se spal\u0103 \u00een ma\u0219ina de sp\u0103lat vase.<\/p>\n","protected":false},"featured_media":7012,"template":"","meta":[],"_links":{"self":[{"href":"https:\/\/evotek.md\/ro\/wp-json\/wp\/v2\/product\/7013"}],"collection":[{"href":"https:\/\/evotek.md\/ro\/wp-json\/wp\/v2\/product"}],"about":[{"href":"https:\/\/evotek.md\/ro\/wp-json\/wp\/v2\/types\/product"}],"wp:featuredmedia":[{"embeddable":true,"href":"https:\/\/evotek.md\/ro\/wp-json\/wp\/v2\/media\/7012"}],"wp:attachment":[{"href":"https:\/\/evotek.md\/ro\/wp-json\/wp\/v2\/media?parent=7013"}],"curies":[{"name":"wp","href":"https:\/\/api.w.org\/{rel}","templated":true}]}}