{"id":7008,"date":"2020-04-03T19:11:02","date_gmt":"2020-04-03T19:11:02","guid":{"rendered":"https:\/\/evotek.md\/?post_type=product&#038;p=7008"},"modified":"2020-04-03T19:11:02","modified_gmt":"2020-04-03T19:11:02","slug":"cutit-pentru-taierea-copturilor-310-mm-st-251311","status":"publish","type":"product","link":"https:\/\/evotek.md\/ro\/produse\/accesorii-si-inventar-bucatarie\/cutite-bucatarie\/cutit-pentru-taierea-copturilor-310-mm-st-251311\/","title":{"rendered":"CU\u021aIT PENTRU T\u0102IEREA COPTURILOR 310 mm -ST- 251311"},"content":{"rendered":"<p><strong>CU\u021aIT PENTRU T\u0102IEREA COPTURILOR 310 mm -ST-<\/strong> <strong>251311- <\/strong>Cu\u021bite profesionale de buc\u0103t\u0103rie de calitate european\u0103 pentru hoteluri, restaurante, cafenele \u0219i baruri.<\/p>\n<p>Caracteristici<\/p>\n<p>Lungime: 310 mm<\/p>\n<p>Se spal\u0103 \u00een ma\u0219ina de sp\u0103lat vase<\/p>\n<p>&nbsp;<\/p>\n","protected":false},"excerpt":{"rendered":"<p>Cu\u021bit pentru t\u0103ierea copturilor 310 mm. Se spal\u0103 \u00een ma\u0219ina de sp\u0103lat vase.<\/p>\n","protected":false},"featured_media":7007,"template":"","meta":[],"_links":{"self":[{"href":"https:\/\/evotek.md\/ro\/wp-json\/wp\/v2\/product\/7008"}],"collection":[{"href":"https:\/\/evotek.md\/ro\/wp-json\/wp\/v2\/product"}],"about":[{"href":"https:\/\/evotek.md\/ro\/wp-json\/wp\/v2\/types\/product"}],"wp:featuredmedia":[{"embeddable":true,"href":"https:\/\/evotek.md\/ro\/wp-json\/wp\/v2\/media\/7007"}],"wp:attachment":[{"href":"https:\/\/evotek.md\/ro\/wp-json\/wp\/v2\/media?parent=7008"}],"curies":[{"name":"wp","href":"https:\/\/api.w.org\/{rel}","templated":true}]}}