{"id":6993,"date":"2020-04-03T18:41:59","date_gmt":"2020-04-03T18:41:59","guid":{"rendered":"https:\/\/evotek.md\/?post_type=product&#038;p=6993"},"modified":"2020-04-03T18:41:59","modified_gmt":"2020-04-03T18:41:59","slug":"pila-pentru-ascutit-cutite-300-mm-st-212309","status":"publish","type":"product","link":"https:\/\/evotek.md\/ro\/produse\/accesorii-si-inventar-bucatarie\/cutite-bucatarie\/pila-pentru-ascutit-cutite-300-mm-st-212309\/","title":{"rendered":"PIL\u0102 PENTRU ASCU\u021aIT CU\u021aITE 300 mm -ST-212309"},"content":{"rendered":"<p><strong>PIL\u0102 PENTRU ASCU\u021aIT CU\u021aITE 300 mm -ST-212309- <\/strong>este un instrument special de ascu\u021bit, astfel \u00eenc\u00e2t cu\u021bitele de buc\u0103t\u0103rie s\u0103 fie \u00eentotdeauna ascu\u021bite \u0219i de \u00eencredere, numai atunci cu ajutorul lor va fi posibil\u0103 prepararea adev\u0103ratei capodopere culinare.<\/p>\n<p>Caracteristici<\/p>\n<p>Lungime: 300 mm<\/p>\n<p>Se spal\u0103 \u00een ma\u0219ina de spalat vase<\/p>\n<p>&nbsp;<\/p>\n","protected":false},"excerpt":{"rendered":"<p>Pil\u0103 pentru ascu\u021bit cu\u021bite 300 mm. Se spal\u0103 \u00een ma\u0219ina de spalat vase.<\/p>\n","protected":false},"featured_media":6992,"template":"","meta":[],"_links":{"self":[{"href":"https:\/\/evotek.md\/ro\/wp-json\/wp\/v2\/product\/6993"}],"collection":[{"href":"https:\/\/evotek.md\/ro\/wp-json\/wp\/v2\/product"}],"about":[{"href":"https:\/\/evotek.md\/ro\/wp-json\/wp\/v2\/types\/product"}],"wp:featuredmedia":[{"embeddable":true,"href":"https:\/\/evotek.md\/ro\/wp-json\/wp\/v2\/media\/6992"}],"wp:attachment":[{"href":"https:\/\/evotek.md\/ro\/wp-json\/wp\/v2\/media?parent=6993"}],"curies":[{"name":"wp","href":"https:\/\/api.w.org\/{rel}","templated":true}]}}