{"id":6981,"date":"2020-04-03T18:31:58","date_gmt":"2020-04-03T18:31:58","guid":{"rendered":"https:\/\/evotek.md\/?post_type=product&#038;p=6981"},"modified":"2020-04-03T18:32:09","modified_gmt":"2020-04-03T18:32:09","slug":"pila-pentru-ascutit-cutite-250-mm-st-212259","status":"publish","type":"product","link":"https:\/\/evotek.md\/ro\/produse\/accesorii-si-inventar-bucatarie\/cutite-bucatarie\/pila-pentru-ascutit-cutite-250-mm-st-212259\/","title":{"rendered":"PIL\u0102 PENTRU ASCU\u021aIT CU\u021aITE 250 mm -ST-212259"},"content":{"rendered":"<p><strong>PIL\u0102 PENTRU ASCU\u021aIT CU\u021aITE 250 mm -ST-212259- <\/strong>Instrument pentru \u00eendep\u0103rtarea denivel\u0103rilor de la t\u0103ierea cu\u021bitelor de buc\u0103t\u0103rie. Tija rotund\u0103 cu o crest\u0103tur\u0103 longitudinal\u0103, are un m\u00e2ner pentru u\u0219urin\u021ba \u00een utilizare.<\/p>\n<p>Caracteristici<\/p>\n<p>Lungime: 250 mm<\/p>\n<p>Material: inox<\/p>\n<p>Culoare: negru\/ro\u0219u<\/p>\n<p>Duritatea lamei: 52-54 HRC<\/p>\n<p>Se spal\u0103 \u00een ma\u0219ina de spalat vase<\/p>\n<p>&nbsp;<\/p>\n","protected":false},"excerpt":{"rendered":"<p>Pil\u0103 pentru ascu\u021bit cu\u021bite negru\/ro\u0219u 250 mm. Material: inox; Culoare: negru\/ro\u0219u ; Duritatea lamei: 52-54 HRC; Se spal\u0103 \u00een ma\u0219ina de spalat vase.<\/p>\n","protected":false},"featured_media":6980,"template":"","meta":[],"_links":{"self":[{"href":"https:\/\/evotek.md\/ro\/wp-json\/wp\/v2\/product\/6981"}],"collection":[{"href":"https:\/\/evotek.md\/ro\/wp-json\/wp\/v2\/product"}],"about":[{"href":"https:\/\/evotek.md\/ro\/wp-json\/wp\/v2\/types\/product"}],"wp:featuredmedia":[{"embeddable":true,"href":"https:\/\/evotek.md\/ro\/wp-json\/wp\/v2\/media\/6980"}],"wp:attachment":[{"href":"https:\/\/evotek.md\/ro\/wp-json\/wp\/v2\/media?parent=6981"}],"curies":[{"name":"wp","href":"https:\/\/api.w.org\/{rel}","templated":true}]}}