{"id":6954,"date":"2020-04-03T17:17:08","date_gmt":"2020-04-03T17:17:08","guid":{"rendered":"https:\/\/evotek.md\/?post_type=product&#038;p=6954"},"modified":"2020-04-03T17:17:09","modified_gmt":"2020-04-03T17:17:09","slug":"cutit-pentru-indepartarea-miezului-din-mar-175-mm-st-334114","status":"publish","type":"product","link":"https:\/\/evotek.md\/ro\/produse\/accesorii-si-inventar-bucatarie\/cutite-bucatarie\/cutit-pentru-indepartarea-miezului-din-mar-175-mm-st-334114\/","title":{"rendered":"CU\u021aIT PENTRU \u00ceNDEP\u0102RTAREA MIEZULUI DIN M\u0102R 175 mm -ST-334114"},"content":{"rendered":"<p><strong>CU\u021aIT PENTRU \u00ceNDEP\u0102RTAREA MIEZULUI DIN M\u0102R 175 mm -ST-334114- <\/strong>Cu\u021bit pentru \u00eendep\u0103rtarea miezului din m\u0103r. Datorit\u0103 acestui cu\u021bit, acum este posibil s\u0103 elimina\u021bi miezurile de mere f\u0103r\u0103 probleme.<\/p>\n<p>Caracteristici<\/p>\n<p>Lungime: 175 mm<\/p>\n<p>Se spal\u0103 \u00een masina de spalat vase<\/p>\n<p>Produc\u0103tor: Stalgast, Polonia<\/p>\n<p>&nbsp;<\/p>\n<p>&nbsp;<\/p>\n<p>&nbsp;<\/p>\n","protected":false},"excerpt":{"rendered":"<p>Cu\u021bit pentru \u00eendep\u0103rtarea miezului din m\u0103r 175 mm. Se spal\u0103 \u00een masina de spalat vase.<\/p>\n","protected":false},"featured_media":6953,"template":"","meta":[],"_links":{"self":[{"href":"https:\/\/evotek.md\/ro\/wp-json\/wp\/v2\/product\/6954"}],"collection":[{"href":"https:\/\/evotek.md\/ro\/wp-json\/wp\/v2\/product"}],"about":[{"href":"https:\/\/evotek.md\/ro\/wp-json\/wp\/v2\/types\/product"}],"wp:featuredmedia":[{"embeddable":true,"href":"https:\/\/evotek.md\/ro\/wp-json\/wp\/v2\/media\/6953"}],"wp:attachment":[{"href":"https:\/\/evotek.md\/ro\/wp-json\/wp\/v2\/media?parent=6954"}],"curies":[{"name":"wp","href":"https:\/\/api.w.org\/{rel}","templated":true}]}}