{"id":6949,"date":"2020-04-03T17:14:02","date_gmt":"2020-04-03T17:14:02","guid":{"rendered":"https:\/\/evotek.md\/?post_type=product&#038;p=6949"},"modified":"2020-10-27T13:09:00","modified_gmt":"2020-10-27T13:09:00","slug":"cutit-pentru-indepartarea-miezului-din-mar-200-mm-st-334115","status":"publish","type":"product","link":"https:\/\/evotek.md\/ro\/produse\/accesorii-si-inventar-bucatarie\/cutite-bucatarie\/cutit-pentru-indepartarea-miezului-din-mar-200-mm-st-334115\/","title":{"rendered":"CU\u021aIT PENTRU \u00ceNDEP\u0102RTAREA MIEZULUI DIN M\u0102R 200 mm -ST-334115-"},"content":{"rendered":"<p><strong>CU\u021aIT PENTRU \u00ceNDEP\u0102RTAREA MIEZULUI DIN M\u0102R 200 mm -ST-334115-\u00a0<\/strong>Cu\u021bit pentru \u00eendep\u0103rtarea miezului din m\u0103r. Datorit\u0103 acestui cu\u021bit, acum este posibil s\u0103 elimina\u021bi miezurile de mere f\u0103r\u0103 probleme.<\/p>\n<p>Caracteristici<\/p>\n<p>Lungime: 200 mm<\/p>\n<p>Se spal\u0103 \u00een masina de spalat vase<\/p>\n<p>Produc\u0103tor: Stalgast, Polonia<\/p>\n<p>&nbsp;<\/p>\n<p>&nbsp;<\/p>\n","protected":false},"excerpt":{"rendered":"<p>Cu\u021bit pentru \u00eendep\u0103rtarea miezului din m\u0103r 200 mm. Se spal\u0103 \u00een masina de spalat vase.<\/p>\n","protected":false},"featured_media":6948,"template":"","meta":[],"_links":{"self":[{"href":"https:\/\/evotek.md\/ro\/wp-json\/wp\/v2\/product\/6949"}],"collection":[{"href":"https:\/\/evotek.md\/ro\/wp-json\/wp\/v2\/product"}],"about":[{"href":"https:\/\/evotek.md\/ro\/wp-json\/wp\/v2\/types\/product"}],"wp:featuredmedia":[{"embeddable":true,"href":"https:\/\/evotek.md\/ro\/wp-json\/wp\/v2\/media\/6948"}],"wp:attachment":[{"href":"https:\/\/evotek.md\/ro\/wp-json\/wp\/v2\/media?parent=6949"}],"curies":[{"name":"wp","href":"https:\/\/api.w.org\/{rel}","templated":true}]}}