{"id":6929,"date":"2020-04-03T16:15:13","date_gmt":"2020-04-03T16:15:13","guid":{"rendered":"https:\/\/evotek.md\/?post_type=product&#038;p=6929"},"modified":"2020-04-03T16:15:13","modified_gmt":"2020-04-03T16:15:13","slug":"cutit-pentru-decorare-curbat-70-mm-st-334070","status":"publish","type":"product","link":"https:\/\/evotek.md\/ro\/produse\/accesorii-si-inventar-bucatarie\/cutite-bucatarie\/cutit-pentru-decorare-curbat-70-mm-st-334070\/","title":{"rendered":"CU\u021aIT PENTRU DECORARE CURBAT 70 mm -ST-334070"},"content":{"rendered":"<p><strong>CU\u021aIT PENTRU DECORARE CURBAT<\/strong> <strong>70 mm -ST-334070- <\/strong>acest cu\u021bit este ideal pentru decorare \u0219i este indispensabil at\u00e2t \u00een buc\u0103t\u0103riile profesionale, c\u00e2t \u0219i \u00een cele personale. Dac\u0103 dori\u021bi s\u0103 v\u0103 surprinde\u021bi clien\u021bii sau persoanele dragi cu aspectul m\u00e2nc\u0103rii dvs., atunci ave\u021bi nevoie de un cu\u021bit decorativ.<\/p>\n<p>Caracteristici<\/p>\n<p>Lungime: 70 mm<\/p>\n<p>Se spal\u0103 \u00een masina de spalat vase<\/p>\n<p>M\u00e2nerul este din plastic<\/p>\n<p>Lama din inox<\/p>\n<p>Produc\u0103tor: Stalgast, Polonia<\/p>\n<p>&nbsp;<\/p>\n","protected":false},"excerpt":{"rendered":"<p>Cu\u021bit pentru decorare curbat 70 mm. Se spal\u0103 \u00een masina de spalat vase; M\u00e2nerul este din plastic; Lama din inox; Produc\u0103tor: Stalgast, Polonia.<\/p>\n","protected":false},"featured_media":6928,"template":"","meta":[],"_links":{"self":[{"href":"https:\/\/evotek.md\/ro\/wp-json\/wp\/v2\/product\/6929"}],"collection":[{"href":"https:\/\/evotek.md\/ro\/wp-json\/wp\/v2\/product"}],"about":[{"href":"https:\/\/evotek.md\/ro\/wp-json\/wp\/v2\/types\/product"}],"wp:featuredmedia":[{"embeddable":true,"href":"https:\/\/evotek.md\/ro\/wp-json\/wp\/v2\/media\/6928"}],"wp:attachment":[{"href":"https:\/\/evotek.md\/ro\/wp-json\/wp\/v2\/media?parent=6929"}],"curies":[{"name":"wp","href":"https:\/\/api.w.org\/{rel}","templated":true}]}}