{"id":6889,"date":"2020-04-02T21:49:21","date_gmt":"2020-04-02T21:49:50","guid":{"rendered":"https:\/\/evotek.md\/?post_type=product&#038;p=6889"},"modified":"2023-06-12T08:25:16","modified_gmt":"2023-06-12T08:25:16","slug":"pungi-pentru-vacuum-in-rulou-m-09502700","status":"publish","type":"product","link":"https:\/\/evotek.md\/ro\/produse\/echipament-de-ambalare-vacuum\/pungi-pentru-vacuum-in-rulou-m-09502700\/","title":{"rendered":"PUNGI PENTRU VACUUM IN RULOU 28\u0445600 cm -M-09502700"},"content":{"rendered":"<p><strong>PUNGI PENTRU VACUUM IN RULOU 28\u0445600 cm -M-09502700-<\/strong> Proiectat pentru ambalarea \u0219i depozitarea oric\u0103rui tip de aliment. Pentru a face acest lucru, este necesar s\u0103 sigila\u021bi punga mai \u00eent\u00e2i pe o parte, \u0219i dup\u0103 ambalarea vid pe cealalt\u0103. O acoperire riflat\u0103 special\u0103 pe o parte a pungii face posibil\u0103 ambalarea cu vid excelent\u0103.<\/p>\n<p>Caracteristici<\/p>\n<p>2 buc\u0103\u021bi<\/p>\n<p>Domensiuni: 28\u0445600 cm, 75 de unitati.<\/p>\n<p>&nbsp;<\/p>\n","protected":false},"excerpt":{"rendered":"<p>Pungi pentru vacuum \u00een rulou, 2 buc\u0103\u021bi, cu dimensiunea 28\u0445600 cm, 75 de unitati.<\/p>\n","protected":false},"featured_media":6888,"template":"","meta":[],"_links":{"self":[{"href":"https:\/\/evotek.md\/ro\/wp-json\/wp\/v2\/product\/6889"}],"collection":[{"href":"https:\/\/evotek.md\/ro\/wp-json\/wp\/v2\/product"}],"about":[{"href":"https:\/\/evotek.md\/ro\/wp-json\/wp\/v2\/types\/product"}],"wp:featuredmedia":[{"embeddable":true,"href":"https:\/\/evotek.md\/ro\/wp-json\/wp\/v2\/media\/6888"}],"wp:attachment":[{"href":"https:\/\/evotek.md\/ro\/wp-json\/wp\/v2\/media?parent=6889"}],"curies":[{"name":"wp","href":"https:\/\/api.w.org\/{rel}","templated":true}]}}