{"id":6881,"date":"2020-04-02T21:40:16","date_gmt":"2020-04-02T21:40:16","guid":{"rendered":"https:\/\/evotek.md\/?post_type=product&#038;p=6881"},"modified":"2020-04-02T21:40:16","modified_gmt":"2020-04-02T21:40:16","slug":"pungi-pentru-vacuum-80-my-m-09502600","status":"publish","type":"product","link":"https:\/\/evotek.md\/ro\/produse\/echipament-de-ambalare-vacuum\/pungi-pentru-vacuum-80-my-m-09502600\/","title":{"rendered":"PUNGI PENTRU VACUUM 80 my -M-09502600"},"content":{"rendered":"<p><strong>PUNGI PENTRU VACUUM 80 my -M-<\/strong><strong>09502600<\/strong><strong>&#8211;<\/strong> Proiectat pentru ambalarea \u0219i depozitarea oric\u0103rui tip de aliment. Pentru a face acest lucru, este necesar s\u0103 sigila\u021bi punga mai \u00eent\u00e2i pe o parte, \u0219i dup\u0103 ambalarea vid pe cealalt\u0103. O acoperire riflat\u0103 special\u0103 pe o parte a pungii face posibil\u0103 ambalarea cu vid excelent\u0103.<\/p>\n<p>Caracteristici<\/p>\n<p>100 pungi<\/p>\n<p>Domensiuni: 40&#215;50 cm<\/p>\n<p>&nbsp;<\/p>\n","protected":false},"excerpt":{"rendered":"<p>Pungi pentru vacuum, 100 pungi, cu dimensiunea 40&#215;50 cm.<\/p>\n","protected":false},"featured_media":6874,"template":"","meta":[],"_links":{"self":[{"href":"https:\/\/evotek.md\/ro\/wp-json\/wp\/v2\/product\/6881"}],"collection":[{"href":"https:\/\/evotek.md\/ro\/wp-json\/wp\/v2\/product"}],"about":[{"href":"https:\/\/evotek.md\/ro\/wp-json\/wp\/v2\/types\/product"}],"wp:featuredmedia":[{"embeddable":true,"href":"https:\/\/evotek.md\/ro\/wp-json\/wp\/v2\/media\/6874"}],"wp:attachment":[{"href":"https:\/\/evotek.md\/ro\/wp-json\/wp\/v2\/media?parent=6881"}],"curies":[{"name":"wp","href":"https:\/\/api.w.org\/{rel}","templated":true}]}}