{"id":6870,"date":"2020-04-02T21:25:58","date_gmt":"2020-04-02T21:26:27","guid":{"rendered":"https:\/\/evotek.md\/?post_type=product&#038;p=6870"},"modified":"2023-04-20T06:43:42","modified_gmt":"2023-04-20T06:43:42","slug":"ambalator-vacuum-mvac-600-m-09300228","status":"publish","type":"product","link":"https:\/\/evotek.md\/ro\/produse\/echipament-de-ambalare-vacuum\/ambalator-vacuum-mvac-600-m-09300228\/","title":{"rendered":"AMBALATOR VACUUM CU CAMERA (PUNGI NETEDE) 600 mm -M-09300228"},"content":{"rendered":"<p><strong>AMBALATOR VACUUM CU CAMERA (PUNGI NETEDE) 600 mm -M-09300228-<\/strong> este o ma\u0219in\u0103 de ambalare \u00een vid care ambaleaz\u0103 automat produsele. Este utilizat pentru ambalarea produselor \u00een pachete speciale. Modelul este potrivit pentru echiparea unor industrii mici, supermarketuri \u0219i restaurante. Ambalarea \u00een vid protejeaz\u0103 produsele de oxidare \u0219i de dezvoltarea bacteriilor \u0219i, de asemenea, \u00ee\u0219i p\u0103streaz\u0103 culoarea, mirosul, gustul \u0219i cre\u0219te durata de valabilitate.<\/p>\n<p>Caracteristici<\/p>\n<p>Dimensiuni: 1510\u0445685\u0445960 mm<\/p>\n<p>Dimensiuni interioare: 760x600x160 mm<\/p>\n<p>Panou de control digital<\/p>\n<p>Dimensiunile a 4 tije de etan\u0219are: 600&#215;8 mm<\/p>\n<p>Greutate net\u0103: 285 kg<\/p>\n<p>Volumul pompei de vid: 2&#215;20 m3<\/p>\n<p>230 \u0412 \/ 50 \u0413\u0446 \/ 1-\u0444\u0430\u0437\u043d\u044b\u0439 2&#215;750 \u0412\u0442<\/p>\n<p>&nbsp;<\/p>\n","protected":false},"excerpt":{"rendered":"<p>Ambalator vacuum. Dimensiuni: 1510\u0445685\u0445960 mm; Dimensiuni interioare: 760x600x160 mm; Panou de control digital; Dimensiunile benzii de etan\u0219are: 700\u04458 mm; Greutate net\u0103: 285 kg; Volumul pompei de vid: 2&#215;20 m3; 230 \u0412 \/ 50 \u0413\u0446 \/ 1-\u0444\u0430\u0437\u043d\u044b\u0439 2&#215;750 \u0412\u0442.<\/p>\n","protected":false},"featured_media":6869,"template":"","meta":[],"_links":{"self":[{"href":"https:\/\/evotek.md\/ro\/wp-json\/wp\/v2\/product\/6870"}],"collection":[{"href":"https:\/\/evotek.md\/ro\/wp-json\/wp\/v2\/product"}],"about":[{"href":"https:\/\/evotek.md\/ro\/wp-json\/wp\/v2\/types\/product"}],"wp:featuredmedia":[{"embeddable":true,"href":"https:\/\/evotek.md\/ro\/wp-json\/wp\/v2\/media\/6869"}],"wp:attachment":[{"href":"https:\/\/evotek.md\/ro\/wp-json\/wp\/v2\/media?parent=6870"}],"curies":[{"name":"wp","href":"https:\/\/api.w.org\/{rel}","templated":true}]}}