{"id":6827,"date":"2020-04-02T20:29:03","date_gmt":"2020-04-02T20:29:56","guid":{"rendered":"https:\/\/evotek.md\/?post_type=product&#038;p=6827"},"modified":"2023-04-20T06:44:35","modified_gmt":"2023-04-20T06:44:35","slug":"ambalator-vacuum-mvac-m-09300220","status":"publish","type":"product","link":"https:\/\/evotek.md\/ro\/produse\/echipament-de-ambalare-vacuum\/ambalator-vacuum-mvac-m-09300220\/","title":{"rendered":"AMBALATOR VACUUM CU CAMERA (PUNGI NETEDE) 300 mm -M-09300220"},"content":{"rendered":"<p><strong>AMBALATOR VACUUM CU CAMERA (PUNGI NETEDE) 300 mm -M-09300220-<\/strong> este o ma\u0219in\u0103 de ambalare \u00een vid care ambaleaz\u0103 automat produsele. Este utilizat pentru ambalarea produselor \u00een pachete speciale. Modelul este potrivit pentru echiparea unor industrii mici, supermarketuri \u0219i restaurante. Ambalarea \u00een vid protejeaz\u0103 produsele de oxidare \u0219i de dezvoltarea bacteriilor \u0219i, de asemenea, \u00ee\u0219i p\u0103streaz\u0103 culoarea, mirosul, gustul \u0219i cre\u0219te durata de valabilitate.<\/p>\n<p>Caracteristici<\/p>\n<p>Dimensiuni: 370x480x435 mm<\/p>\n<p>Dimensiuni interioare: 320x370x185 mm<\/p>\n<p>Panou de control digital<\/p>\n<p>Dimensiunile benzii de etan\u0219are: 300&#215;8 mm<\/p>\n<p>Greutate net\u0103: 40 kg<\/p>\n<p>Volumul pompei de vid: 10 m3<\/p>\n<p>230 V \/ 50 Hz \/ 1 faz\u0103 370 W<\/p>\n<p>&nbsp;<\/p>\n","protected":false},"excerpt":{"rendered":"<p>Ambalator vacuum. Dimensiuni: 370x480x435 mm; Dimensiuni interioare: 320x370x185 mm; Panou de control digital; Dimensiunile benzii de etan\u0219are: 300&#215;8 mm; Greutate net\u0103: 40 kg; Volumul pompei de vid: 10 m3; 230 V \/ 50 Hz \/ 1 faz\u0103 370 W.<\/p>\n","protected":false},"featured_media":6820,"template":"","meta":[],"_links":{"self":[{"href":"https:\/\/evotek.md\/ro\/wp-json\/wp\/v2\/product\/6827"}],"collection":[{"href":"https:\/\/evotek.md\/ro\/wp-json\/wp\/v2\/product"}],"about":[{"href":"https:\/\/evotek.md\/ro\/wp-json\/wp\/v2\/types\/product"}],"wp:featuredmedia":[{"embeddable":true,"href":"https:\/\/evotek.md\/ro\/wp-json\/wp\/v2\/media\/6820"}],"wp:attachment":[{"href":"https:\/\/evotek.md\/ro\/wp-json\/wp\/v2\/media?parent=6827"}],"curies":[{"name":"wp","href":"https:\/\/api.w.org\/{rel}","templated":true}]}}