{"id":6816,"date":"2020-04-02T20:15:55","date_gmt":"2020-04-02T20:16:48","guid":{"rendered":"https:\/\/evotek.md\/?post_type=product&#038;p=6816"},"modified":"2023-04-20T06:44:29","modified_gmt":"2023-04-20T06:44:29","slug":"ambalator-vacuum-mvac-m-09501200","status":"publish","type":"product","link":"https:\/\/evotek.md\/ro\/produse\/echipament-de-ambalare-vacuum\/ambalator-vacuum-mvac-m-09501200\/","title":{"rendered":"AMBALATOR VACUUM CU CAMERA (PUNGI NETEDE) 290 mm -M-09501200"},"content":{"rendered":"<p><strong>AMBALATOR VACUUM CU CAMERA (PUNGI NETEDE) 290 mm -M-09501200-<\/strong> Un nou model de ambalare vid f\u0103r\u0103 ulei. Precizie super rapid\u0103. F\u0103r\u0103 \u00eentre\u021binere \u0219i f\u0103r\u0103 ulei. Este utilizat pentru ambalarea produselor \u00een pachete speciale. Modelul este potrivit pentru echiparea unor industrii mici, supermarketuri \u0219i restaurante. Ambalarea \u00een vid protejeaz\u0103 produsele de oxidare \u0219i de dezvoltarea bacteriilor \u0219i, de asemenea, \u00ee\u0219i p\u0103streaz\u0103 culoarea, mirosul, gustul \u0219i cre\u0219te durata de valabilitate.<\/p>\n<p>Caracteristici<\/p>\n<p>Dimensiuni: 359x468x345 mm<\/p>\n<p>Dimensiunile camerei: 300x350x110 mm<\/p>\n<p>Panou de control digital<\/p>\n<p>Dimensiuni glanda: 290&#215;10 mm<\/p>\n<p>Greutate net\u0103: 35 kg<\/p>\n<p>Puterea pompei de vid: 29,5 Hg &#8211; 0,999 bar<\/p>\n<p>230 V \/ 50 Hz \/ 1 faz\u0103 1100 W<\/p>\n<p>&nbsp;<\/p>\n<p>&nbsp;<\/p>\n","protected":false},"excerpt":{"rendered":"<p>Ambalator vacuum. Dimensiuni: 359x468x345 mm; Dimensiunile camerei: 300x350x110 mm; Panou de control digital; Dimensiuni glanda: 290&#215;10 mm; Greutate net\u0103: 35 kg; Puterea pompei de vid: 29,5 Hg &#8211; 0,999 bar; 230 V \/ 50 Hz \/ 1 faz\u0103 1100 W.<\/p>\n","protected":false},"featured_media":6805,"template":"","meta":[],"_links":{"self":[{"href":"https:\/\/evotek.md\/ro\/wp-json\/wp\/v2\/product\/6816"}],"collection":[{"href":"https:\/\/evotek.md\/ro\/wp-json\/wp\/v2\/product"}],"about":[{"href":"https:\/\/evotek.md\/ro\/wp-json\/wp\/v2\/types\/product"}],"wp:featuredmedia":[{"embeddable":true,"href":"https:\/\/evotek.md\/ro\/wp-json\/wp\/v2\/media\/6805"}],"wp:attachment":[{"href":"https:\/\/evotek.md\/ro\/wp-json\/wp\/v2\/media?parent=6816"}],"curies":[{"name":"wp","href":"https:\/\/api.w.org\/{rel}","templated":true}]}}