{"id":6789,"date":"2020-04-02T19:47:35","date_gmt":"2020-04-02T19:47:35","guid":{"rendered":"https:\/\/evotek.md\/?post_type=product&#038;p=6789"},"modified":"2021-01-26T10:28:16","modified_gmt":"2021-01-26T10:28:16","slug":"ambalator-vacuum-m-09501300","status":"publish","type":"product","link":"https:\/\/evotek.md\/ro\/produse\/echipament-de-ambalare-vacuum\/ambalator-vacuum-m-09501300\/","title":{"rendered":"AMBALATOR VACUUM LIQUID 250-M-09501300"},"content":{"rendered":"<p><strong>AMBALATOR VACUUM 250-M-<\/strong><strong>09501300<\/strong><strong>&#8211;<\/strong> Ma\u0219in\u0103 profesional\u0103 de ambalare \u00een vid. Versiune special\u0103 pentru lichide. Un nou model de pomp\u0103 de vid f\u0103r\u0103 ulei. Precizie super rapid\u0103. F\u0103r\u0103 \u00eentre\u021binere \u0219i f\u0103r\u0103 ulei.<\/p>\n<p>Caracteristici<\/p>\n<p>Dimensiuni: 346x249x421 mm<\/p>\n<p>Dimensiunile interiorului: 315x30x261 mm<\/p>\n<p>Panou de control digital<\/p>\n<p>Dimensiuni glanda: 254&#215;10 mm<\/p>\n<p>Greutate net\u0103: 13,8 kg<\/p>\n<p>Puterea pompei de vid: 29,3 Hg &#8211; 0,993 bar<\/p>\n<p>Comutator de siguran\u021b\u0103 \u00een capac<\/p>\n<p>Potrivit special pentru lichide (sos, sup\u0103)<\/p>\n<p>Produsele uscate pot fi, de asemenea, ambalate.<\/p>\n<p>&nbsp;<\/p>\n<p>&nbsp;<\/p>\n","protected":false},"excerpt":{"rendered":"<p>Ambalator vacuum, versiune special\u0103 pentru lichide. Dimensiuni: 346x249x421 mm; Dimensiunile interiorului: 315x30x261 mm; Panou de control digital; Dimensiuni glanda: 254&#215;10 mm; Greutate net\u0103: 13,8 kg; Puterea pompei de vid: 29,3 Hg &#8211; 0,993 bar; Comutator de siguran\u021b\u0103 \u00een capac; Potrivit special pentru lichide (sos, sup\u0103); Produsele uscate pot fi, de asemenea, ambalate.<\/p>\n","protected":false},"featured_media":6778,"template":"","meta":[],"_links":{"self":[{"href":"https:\/\/evotek.md\/ro\/wp-json\/wp\/v2\/product\/6789"}],"collection":[{"href":"https:\/\/evotek.md\/ro\/wp-json\/wp\/v2\/product"}],"about":[{"href":"https:\/\/evotek.md\/ro\/wp-json\/wp\/v2\/types\/product"}],"wp:featuredmedia":[{"embeddable":true,"href":"https:\/\/evotek.md\/ro\/wp-json\/wp\/v2\/media\/6778"}],"wp:attachment":[{"href":"https:\/\/evotek.md\/ro\/wp-json\/wp\/v2\/media?parent=6789"}],"curies":[{"name":"wp","href":"https:\/\/api.w.org\/{rel}","templated":true}]}}