{"id":6728,"date":"2020-04-02T15:15:54","date_gmt":"2020-04-02T15:15:54","guid":{"rendered":"https:\/\/evotek.md\/?post_type=product&#038;p=6728"},"modified":"2020-04-02T15:16:08","modified_gmt":"2020-04-02T15:16:08","slug":"pungi-pentru-vacuum-in-rulou-hkn-vr2815","status":"publish","type":"product","link":"https:\/\/evotek.md\/ro\/produse\/echipament-de-ambalare-vacuum\/pungi-pentru-vacuum-in-rulou-hkn-vr2815\/","title":{"rendered":"PUNGI PENTRU VACUUM \u00ceN RULOU -HKN-VR2815"},"content":{"rendered":"<p><strong>PUNGI PENTRU VACUUM \u00ceN RULOU -HKN-<\/strong><strong>VR2815<\/strong><strong>&#8211; <\/strong>Proiectat pentru ambalarea \u0219i depozitarea oric\u0103rui tip de aliment. Pentru a face acest lucru, este necesar s\u0103 sigila\u021bi punga mai \u00eent\u00e2i pe o parte, \u0219i dup\u0103 ambalarea vid pe cealalt\u0103. O acoperire riflat\u0103 special\u0103 pe o parte a pungii face posibil\u0103 ambalarea cu vid excelent\u0103.<\/p>\n<p>Caracteristici<\/p>\n<p>Dimensiune rulou: 28&#215;1500 cm<\/p>\n<p>Grosimea peretelui pungii: 0,09 mm<\/p>\n<p>Dimensiuni: 280x90x90 mm<\/p>\n<p>Greutate net\u0103: 0,07 kg<\/p>\n<p>&nbsp;<\/p>\n","protected":false},"excerpt":{"rendered":"<p>Pungi pentru vacuum \u00een rulou. Dimensiune rulou: 28&#215;1500 cm; Grosimea peretelui pungii: 0,09 mm; Dimensiuni: 280x90x90 mm; Greutate net\u0103: 0,07 kg.<\/p>\n","protected":false},"featured_media":6712,"template":"","meta":[],"_links":{"self":[{"href":"https:\/\/evotek.md\/ro\/wp-json\/wp\/v2\/product\/6728"}],"collection":[{"href":"https:\/\/evotek.md\/ro\/wp-json\/wp\/v2\/product"}],"about":[{"href":"https:\/\/evotek.md\/ro\/wp-json\/wp\/v2\/types\/product"}],"wp:featuredmedia":[{"embeddable":true,"href":"https:\/\/evotek.md\/ro\/wp-json\/wp\/v2\/media\/6712"}],"wp:attachment":[{"href":"https:\/\/evotek.md\/ro\/wp-json\/wp\/v2\/media?parent=6728"}],"curies":[{"name":"wp","href":"https:\/\/api.w.org\/{rel}","templated":true}]}}