{"id":6702,"date":"2020-04-02T14:16:45","date_gmt":"2020-04-02T14:16:45","guid":{"rendered":"https:\/\/evotek.md\/?post_type=product&#038;p=6702"},"modified":"2020-04-02T14:16:45","modified_gmt":"2020-04-02T14:16:45","slug":"aparat-de-ambalare-termica-hkn-cnw460-pro","status":"publish","type":"product","link":"https:\/\/evotek.md\/ro\/produse\/echipament-de-ambalare-vacuum\/aparat-de-ambalare-termica-hkn-cnw460-pro\/","title":{"rendered":"APARAT DE AMBALARE TERMIC\u0102 -HKN-CNW460 PRO"},"content":{"rendered":"<p><strong>APARAT DE AMBALARE TERMIC\u0102<\/strong> <strong>-HKN-CNW460 PRO-<\/strong> \u00a0Simplu \u0219i u\u0219or de utilizat. Modelul are un design modern, dar poate face fa\u021b\u0103 cu u\u0219urin\u021b\u0103 ambal\u0103rii produselor. Echipamentul este utilizat pe scar\u0103 larg\u0103 \u00een unit\u0103\u021bile de alimenta\u021bie public\u0103, precum \u0219i \u00een comer\u021b.<\/p>\n<p>Caracteristici<\/p>\n<p>Dimensiuni: 650x465x150 mm<\/p>\n<p>Putere: 0,27 kW<\/p>\n<p>Conecteaz\u0103: 230 V<\/p>\n<p>Greutate net\u0103: 7 kg<\/p>\n<p>&nbsp;<\/p>\n","protected":false},"excerpt":{"rendered":"<p>Aparat de ambalare termic\u0103. Dimensiuni: 650x465x150 mm; Putere: 0,27 kW; Conecteaz\u0103: 230 V; Greutate net\u0103: 7 kg.<\/p>\n","protected":false},"featured_media":6701,"template":"","meta":[],"_links":{"self":[{"href":"https:\/\/evotek.md\/ro\/wp-json\/wp\/v2\/product\/6702"}],"collection":[{"href":"https:\/\/evotek.md\/ro\/wp-json\/wp\/v2\/product"}],"about":[{"href":"https:\/\/evotek.md\/ro\/wp-json\/wp\/v2\/types\/product"}],"wp:featuredmedia":[{"embeddable":true,"href":"https:\/\/evotek.md\/ro\/wp-json\/wp\/v2\/media\/6701"}],"wp:attachment":[{"href":"https:\/\/evotek.md\/ro\/wp-json\/wp\/v2\/media?parent=6702"}],"curies":[{"name":"wp","href":"https:\/\/api.w.org\/{rel}","templated":true}]}}