{"id":6697,"date":"2020-04-02T13:11:50","date_gmt":"2020-04-02T13:12:19","guid":{"rendered":"https:\/\/evotek.md\/?post_type=product&#038;p=6697"},"modified":"2023-04-20T06:41:28","modified_gmt":"2023-04-20T06:41:28","slug":"ambalator-vacuum-hkn-vac400m2","status":"publish","type":"product","link":"https:\/\/evotek.md\/ro\/produse\/echipament-de-ambalare-vacuum\/ambalator-vacuum-hkn-vac400m2\/","title":{"rendered":"AMBALATOR VACUUM CU CAMERA (PUNGI NETEDE) 400 mm -HKN-VAC400M2"},"content":{"rendered":"<p><strong>AMBALATOR VACUUM CU CAMERA (PUNGI NETEDE) 400 mm -HKN-VAC400M2-<\/strong> Cu ajutorul unui ambalator \u00een vid, produsele sunt ambalate cu u\u0219urin\u021b\u0103 \u00een pungi speciale. Domeniul de utilizare este at\u00e2t magazinele, c\u00e2t \u0219i unit\u0103\u021bile de alimenta\u021bie public\u0103. Carcasa ma\u0219inii de ambalat este din inox.<\/p>\n<p>Caracteristici<\/p>\n<p>Dimensiuni: 530x490x490 mm<\/p>\n<p>Dimensiuni interior: 420x440x130 mm<\/p>\n<p>Putere: 0,9 kW<\/p>\n<p>Greutate net\u0103: 64,8 kg<\/p>\n<p>Capacitatea pompei este de 20 \u043c3\/h<\/p>\n<p>&nbsp;<\/p>\n<p>&nbsp;<\/p>\n","protected":false},"excerpt":{"rendered":"<p>Ambalator \u00een vid. Dimensiuni: 530x490x490 mm; Dimensiuni interior: 420x440x130 mm; Putere: 0,9 kW; Greutate net\u0103: 64,8 kg; Capacitatea pompei este de 20 \u043c3\/h.<\/p>\n","protected":false},"featured_media":6696,"template":"","meta":[],"_links":{"self":[{"href":"https:\/\/evotek.md\/ro\/wp-json\/wp\/v2\/product\/6697"}],"collection":[{"href":"https:\/\/evotek.md\/ro\/wp-json\/wp\/v2\/product"}],"about":[{"href":"https:\/\/evotek.md\/ro\/wp-json\/wp\/v2\/types\/product"}],"wp:featuredmedia":[{"embeddable":true,"href":"https:\/\/evotek.md\/ro\/wp-json\/wp\/v2\/media\/6696"}],"wp:attachment":[{"href":"https:\/\/evotek.md\/ro\/wp-json\/wp\/v2\/media?parent=6697"}],"curies":[{"name":"wp","href":"https:\/\/api.w.org\/{rel}","templated":true}]}}