{"id":6692,"date":"2020-04-02T13:01:13","date_gmt":"2020-04-02T13:03:27","guid":{"rendered":"https:\/\/evotek.md\/?post_type=product&#038;p=6692"},"modified":"2023-04-20T06:41:07","modified_gmt":"2023-04-20T06:41:07","slug":"ambalator-vacuum-hkn-vac260m","status":"publish","type":"product","link":"https:\/\/evotek.md\/ro\/produse\/echipament-de-ambalare-vacuum\/ambalator-vacuum-hkn-vac260m\/","title":{"rendered":"AMBALATOR VACUUM CU CAMERA (PUNGI NETEDE) 260 mm -HKN-VAC260M"},"content":{"rendered":"<p><strong>AMBALATOR VACUUM CU CAMERA (PUNGI NETEDE) 260 mm -HKN-VAC260M-<\/strong> Cu ajutorul unui ambalator \u00een vid, produsele sunt ambalate cu u\u0219urin\u021b\u0103 \u00een pungi speciale. Domeniul de utilizare este at\u00e2t magazinele, c\u00e2t \u0219i unit\u0103\u021bile de alimenta\u021bie public\u0103. Carcasa ma\u0219inii de ambalat este din inox.<\/p>\n<p>Caracteristici<\/p>\n<p>Dimensiuni: 495x345x340 mm<\/p>\n<p>Dimensiuni interior: 390x320x130 mm<\/p>\n<p>Putere: 0,18 kW<\/p>\n<p>Greutate net\u0103: 37,9 kg<\/p>\n<p>Capacitatea pompei este de 6.5 \u043c3\/h<\/p>\n<p>&nbsp;<\/p>\n<p>&nbsp;<\/p>\n","protected":false},"excerpt":{"rendered":"<p>Ambalator \u00een vid. Dimensiuni: 495x345x340 mm; Dimensiuni interior: 390x320x130 mm; Putere: 0,18 kW; Greutate net\u0103: 37,9 kg; Capacitatea pompei este de 6.5 \u043c3\/h.<\/p>\n","protected":false},"featured_media":6691,"template":"","meta":[],"_links":{"self":[{"href":"https:\/\/evotek.md\/ro\/wp-json\/wp\/v2\/product\/6692"}],"collection":[{"href":"https:\/\/evotek.md\/ro\/wp-json\/wp\/v2\/product"}],"about":[{"href":"https:\/\/evotek.md\/ro\/wp-json\/wp\/v2\/types\/product"}],"wp:featuredmedia":[{"embeddable":true,"href":"https:\/\/evotek.md\/ro\/wp-json\/wp\/v2\/media\/6691"}],"wp:attachment":[{"href":"https:\/\/evotek.md\/ro\/wp-json\/wp\/v2\/media?parent=6692"}],"curies":[{"name":"wp","href":"https:\/\/api.w.org\/{rel}","templated":true}]}}