{"id":6684,"date":"2020-04-02T12:51:40","date_gmt":"2020-04-02T12:52:18","guid":{"rendered":"https:\/\/evotek.md\/?post_type=product&#038;p=6684"},"modified":"2023-04-20T06:41:00","modified_gmt":"2023-04-20T06:41:00","slug":"ambalator-vacuum-hkn-vac260","status":"publish","type":"product","link":"https:\/\/evotek.md\/ro\/produse\/echipament-de-ambalare-vacuum\/ambalator-vacuum-hkn-vac260\/","title":{"rendered":"AMBALATOR VACUUM CU CAMERA (PUNGI NETEDE) 260 mm -HKN-VAC260"},"content":{"rendered":"<p><strong>AMBALATOR VACUUM CU CAMERA (PUNGI NETEDE) 260 mm -HKN-VAC260-<\/strong> Cu ajutorul unui ambalator \u00een vid, produsele sunt ambalate cu u\u0219urin\u021b\u0103 \u00een pungi speciale. Domeniul de utilizare este at\u00e2t magazinele, c\u00e2t \u0219i unit\u0103\u021bile de alimenta\u021bie public\u0103. Carcasa ma\u0219inii de ambalat este din inox.<\/p>\n<p>Caracteristici<\/p>\n<p>Putere: 0,37 kW<\/p>\n<p>Tensiune: 220V<\/p>\n<p>Greutate: 37,2 kg<\/p>\n<p>Dimensiuni generale: 502x330x380 mm<\/p>\n<p>Dimensiuni interioare: 385x280x50 mm<\/p>\n<p>Lungimea cus\u0103turii: 260 mm<\/p>\n<p>L\u0103\u021bimea cus\u0103turii: 5 mm<\/p>\n<p>Capacitatea pompei: 14,4 m\u00b3 \/ h<\/p>\n<p>&nbsp;<\/p>\n","protected":false},"excerpt":{"rendered":"<p>Ambalator vacuum. Putere: 0,37 kW; Tensiune: 220V; Greutate: 37,2 kg; Dimensiuni generale: 502x330x380 mm; Dimensiuni interioare: 385x280x50 mm; Lungimea cus\u0103turii: 260 mm; L\u0103\u021bimea cus\u0103turii: 5 mm; Capacitatea pompei: 14,4 m\u00b3 \/ h.<\/p>\n","protected":false},"featured_media":6683,"template":"","meta":[],"_links":{"self":[{"href":"https:\/\/evotek.md\/ro\/wp-json\/wp\/v2\/product\/6684"}],"collection":[{"href":"https:\/\/evotek.md\/ro\/wp-json\/wp\/v2\/product"}],"about":[{"href":"https:\/\/evotek.md\/ro\/wp-json\/wp\/v2\/types\/product"}],"wp:featuredmedia":[{"embeddable":true,"href":"https:\/\/evotek.md\/ro\/wp-json\/wp\/v2\/media\/6683"}],"wp:attachment":[{"href":"https:\/\/evotek.md\/ro\/wp-json\/wp\/v2\/media?parent=6684"}],"curies":[{"name":"wp","href":"https:\/\/api.w.org\/{rel}","templated":true}]}}