{"id":6679,"date":"2020-04-02T12:36:07","date_gmt":"2020-04-02T12:36:48","guid":{"rendered":"https:\/\/evotek.md\/?post_type=product&#038;p=6679"},"modified":"2023-04-20T06:40:48","modified_gmt":"2023-04-20T06:40:48","slug":"ambalator-vacuum-hkn-v333","status":"publish","type":"product","link":"https:\/\/evotek.md\/ro\/produse\/echipament-de-ambalare-vacuum\/ambalator-vacuum-hkn-v333\/","title":{"rendered":"AMBALATOR VACUUM (PUNGI RIFLATE) 300 mm -HKN-V333"},"content":{"rendered":"<p><strong>AMBALATOR VACUUM (PUNGI RIFLATE) 300 mm -HKN-V333-<\/strong> Este utilizat pentru ambalarea produselor \u00een pachete speciale. Modelul este potrivit pentru echiparea unor industrii mici, supermarketuri \u0219i restaurante. Ambalarea \u00een vid protejeaz\u0103 produsele de oxidare \u0219i de dezvoltarea bacteriilor \u0219i, de asemenea, \u00ee\u0219i p\u0103streaz\u0103 culoarea, mirosul, gustul \u0219i cre\u0219te durata de valabilitate.<\/p>\n<p>Caracteristici<\/p>\n<p>Parametri: 87x201x408 mm<\/p>\n<p>Putere: 0,1 kW<\/p>\n<p>Greutate net\u0103: 2kg<\/p>\n<p>Materialul carcasei: inox<\/p>\n<p>Timpul vid 10-20 sec<\/p>\n<p>Punga vid \u00eentr-un rulou de 20 cm l\u0103\u021bime &#8211; 1 buc.<\/p>\n<p>Pachetele cu dimensiunea 23&#215;28 cm &#8211; 5 buc. complect<\/p>\n<p>&nbsp;<\/p>\n<p>&nbsp;<\/p>\n","protected":false},"excerpt":{"rendered":"<p>Ambalator vacuum. Parametri: 87x201x408 mm; Putere: 0,1 kW; Greutate net\u0103: 2kg; Materialul carcasei: inox; Timpul vid 10-20 sec; Punga vid \u00eentr-un rulou de 20 cm l\u0103\u021bime &#8211; 1 buc.;Pachetele cu dimensiunea 23&#215;28 cm &#8211; 5 buc. complect.<\/p>\n","protected":false},"featured_media":36564,"template":"","meta":[],"_links":{"self":[{"href":"https:\/\/evotek.md\/ro\/wp-json\/wp\/v2\/product\/6679"}],"collection":[{"href":"https:\/\/evotek.md\/ro\/wp-json\/wp\/v2\/product"}],"about":[{"href":"https:\/\/evotek.md\/ro\/wp-json\/wp\/v2\/types\/product"}],"wp:featuredmedia":[{"embeddable":true,"href":"https:\/\/evotek.md\/ro\/wp-json\/wp\/v2\/media\/36564"}],"wp:attachment":[{"href":"https:\/\/evotek.md\/ro\/wp-json\/wp\/v2\/media?parent=6679"}],"curies":[{"name":"wp","href":"https:\/\/api.w.org\/{rel}","templated":true}]}}