{"id":6672,"date":"2020-04-02T11:07:43","date_gmt":"2020-04-02T11:09:03","guid":{"rendered":"https:\/\/evotek.md\/?post_type=product&#038;p=6672"},"modified":"2023-04-18T14:41:12","modified_gmt":"2023-04-18T14:41:12","slug":"lopata-pentru-pizza-300%d1%85300-mm-st-564052","status":"publish","type":"product","link":"https:\/\/evotek.md\/ro\/produse\/accesorii-si-inventar-bucatarie\/inventar-pizzerie\/lopata-pentru-pizza-300%d1%85300-mm-st-564052\/","title":{"rendered":"LOPATA PENTRU PIZZA DIN ALUMINIU, CU MANER DIN LEMN 300\u0445300&#215;900 mm -ST-564052"},"content":{"rendered":"<p><strong>LOPATA PENTRU PIZZA DIN ALUMINIU, CU MANER DIN LEMN 300\u0445300&#215;900 mm -ST-564052-<\/strong> Acesta este un instrument integral at\u00e2t \u00een buc\u0103t\u0103ria profesional\u0103, c\u00e2t \u0219i \u00een cea de acas\u0103.<\/p>\n<p>Caracteristici<\/p>\n<p>Lungimea m\u00e2nerului: 600 mm<\/p>\n<p>Dimensiuni: 300\u0445300 mm<\/p>\n<p>Lungime total\u0103: 900 \u043c\u043c<\/p>\n<p>Tip: pentru pizza<\/p>\n<p>Material: aluminiu<\/p>\n<p>Produc\u0103tor: Stalgast, Polonia<\/p>\n<p>&nbsp;<\/p>\n","protected":false},"excerpt":{"rendered":"<p>Lopat\u0103 pentru pizza. Lungimea m\u00e2nerului: 600 mm; Dimensiuni: 300\u0445300 mm; Lungime total\u0103: 900 \u043c\u043c; Material: aluminiu.<\/p>\n","protected":false},"featured_media":6671,"template":"","meta":[],"_links":{"self":[{"href":"https:\/\/evotek.md\/ro\/wp-json\/wp\/v2\/product\/6672"}],"collection":[{"href":"https:\/\/evotek.md\/ro\/wp-json\/wp\/v2\/product"}],"about":[{"href":"https:\/\/evotek.md\/ro\/wp-json\/wp\/v2\/types\/product"}],"wp:featuredmedia":[{"embeddable":true,"href":"https:\/\/evotek.md\/ro\/wp-json\/wp\/v2\/media\/6671"}],"wp:attachment":[{"href":"https:\/\/evotek.md\/ro\/wp-json\/wp\/v2\/media?parent=6672"}],"curies":[{"name":"wp","href":"https:\/\/api.w.org\/{rel}","templated":true}]}}