{"id":6666,"date":"2020-04-02T11:02:19","date_gmt":"2020-04-02T11:02:19","guid":{"rendered":"https:\/\/evotek.md\/?post_type=product&#038;p=6666"},"modified":"2021-02-10T08:32:34","modified_gmt":"2021-02-10T08:32:34","slug":"spatula-pentru-a-intoarce-70%d1%85195-%d0%bc%d0%bc-st-503230","status":"publish","type":"product","link":"https:\/\/evotek.md\/ro\/produse\/accesorii-si-inventar-bucatarie\/spatula\/spatula-pentru-a-intoarce-70%d1%85195-%d0%bc%d0%bc-st-503230\/","title":{"rendered":"SPATUL\u0102 PENTRU A \u00ceNTOARCE 70\u0445195 \u043c\u043c -ST-503230"},"content":{"rendered":"<p><strong>SPATUL\u0102 PENTRU A \u00ceNTOARCE<\/strong> <strong>70\u0445195 \u043c\u043c -ST-503230- <\/strong>Acesta este un instrument integral at\u00e2t \u00een buc\u0103t\u0103ria profesional\u0103, c\u00e2t \u0219i \u00een cea de acas\u0103. Lopat\u0103 cu m\u00e2ner din plastic.<\/p>\n<p>Caracteristici<\/p>\n<p>Dimensiuni: 70\u0445195 mm<\/p>\n<p>Tip: pentru \u00eentoarcere<\/p>\n<p>Material: inox<\/p>\n<p>Produc\u0103tor: Stalgast, Polonia<\/p>\n<p>&nbsp;<\/p>\n","protected":false},"excerpt":{"rendered":"<p>Spatul\u0103 pentru a \u00eentoarce. Dimensiune: 70\u0445195 mm; Produc\u0103tor: Stalgast, Polonia.<\/p>\n","protected":false},"featured_media":6665,"template":"","meta":[],"_links":{"self":[{"href":"https:\/\/evotek.md\/ro\/wp-json\/wp\/v2\/product\/6666"}],"collection":[{"href":"https:\/\/evotek.md\/ro\/wp-json\/wp\/v2\/product"}],"about":[{"href":"https:\/\/evotek.md\/ro\/wp-json\/wp\/v2\/types\/product"}],"wp:featuredmedia":[{"embeddable":true,"href":"https:\/\/evotek.md\/ro\/wp-json\/wp\/v2\/media\/6665"}],"wp:attachment":[{"href":"https:\/\/evotek.md\/ro\/wp-json\/wp\/v2\/media?parent=6666"}],"curies":[{"name":"wp","href":"https:\/\/api.w.org\/{rel}","templated":true}]}}