{"id":6661,"date":"2020-04-02T10:55:52","date_gmt":"2020-04-02T10:55:52","guid":{"rendered":"https:\/\/evotek.md\/?post_type=product&#038;p=6661"},"modified":"2020-04-02T10:56:10","modified_gmt":"2020-04-02T10:56:10","slug":"spatula-pentru-amestec-115-st-314130","status":"publish","type":"product","link":"https:\/\/evotek.md\/ro\/produse\/accesorii-si-inventar-bucatarie\/spatula\/spatula-pentru-amestec-115-st-314130\/","title":{"rendered":"SPATUL\u0102 PENTRU AMESTEC 115 -ST-314130"},"content":{"rendered":"<p><strong>SPATUL\u0102 PENTRU AMESTEC 115 -ST-314130-<\/strong> Acesta este un instrument integral at\u00e2t \u00een buc\u0103t\u0103ria profesional\u0103, c\u00e2t \u0219i \u00een cea de acas\u0103.<\/p>\n<p>Caracteristici<\/p>\n<p>Lungimea m\u00e2nerului: 115 mm<\/p>\n<p>Tip: pentru amestec<\/p>\n<p>Material: Inox<\/p>\n<p>Produc\u0103tor: Stalgast, Polonia<\/p>\n<p>&nbsp;<\/p>\n<p>&nbsp;<\/p>\n","protected":false},"excerpt":{"rendered":"<p>Spatul\u0103 pentru amestec. Lungimea m\u00e2nerului: 115 mm.<\/p>\n","protected":false},"featured_media":6660,"template":"","meta":[],"_links":{"self":[{"href":"https:\/\/evotek.md\/ro\/wp-json\/wp\/v2\/product\/6661"}],"collection":[{"href":"https:\/\/evotek.md\/ro\/wp-json\/wp\/v2\/product"}],"about":[{"href":"https:\/\/evotek.md\/ro\/wp-json\/wp\/v2\/types\/product"}],"wp:featuredmedia":[{"embeddable":true,"href":"https:\/\/evotek.md\/ro\/wp-json\/wp\/v2\/media\/6660"}],"wp:attachment":[{"href":"https:\/\/evotek.md\/ro\/wp-json\/wp\/v2\/media?parent=6661"}],"curies":[{"name":"wp","href":"https:\/\/api.w.org\/{rel}","templated":true}]}}