{"id":6643,"date":"2020-04-02T10:22:50","date_gmt":"2020-04-02T10:22:50","guid":{"rendered":"https:\/\/evotek.md\/?post_type=product&#038;p=6643"},"modified":"2020-04-02T10:22:50","modified_gmt":"2020-04-02T10:22:50","slug":"spatula-pentru-peste-monoblok-340-mm-st-312340","status":"publish","type":"product","link":"https:\/\/evotek.md\/ro\/produse\/accesorii-si-inventar-bucatarie\/spatula\/spatula-pentru-peste-monoblok-340-mm-st-312340\/","title":{"rendered":"SPATUL\u0102 PENTRU PE\u0218TE Monoblok 340 mm -ST-312340"},"content":{"rendered":"<p><strong>SPATUL\u0102 PENTRU PE\u0218TE Monoblok 340 mm -ST-312340-<\/strong> Acesta este un instrument integral at\u00e2t \u00een buc\u0103t\u0103ria profesional\u0103, c\u00e2t \u0219i \u00een cea de acas\u0103.<\/p>\n<p>Caracteristici<\/p>\n<p>Lungimea m\u00e2nerului: 340 mm<\/p>\n<p>Tip: pentru pe\u0219te<\/p>\n<p>Material: inox<\/p>\n<p>Produc\u0103tor: Stalgast, Polonia<\/p>\n<p>&nbsp;<\/p>\n","protected":false},"excerpt":{"rendered":"<p>Spatul\u0103 pentru pe\u0219te. Lungimea m\u00e2nerului: 340 mm.<\/p>\n","protected":false},"featured_media":6644,"template":"","meta":[],"_links":{"self":[{"href":"https:\/\/evotek.md\/ro\/wp-json\/wp\/v2\/product\/6643"}],"collection":[{"href":"https:\/\/evotek.md\/ro\/wp-json\/wp\/v2\/product"}],"about":[{"href":"https:\/\/evotek.md\/ro\/wp-json\/wp\/v2\/types\/product"}],"wp:featuredmedia":[{"embeddable":true,"href":"https:\/\/evotek.md\/ro\/wp-json\/wp\/v2\/media\/6644"}],"wp:attachment":[{"href":"https:\/\/evotek.md\/ro\/wp-json\/wp\/v2\/media?parent=6643"}],"curies":[{"name":"wp","href":"https:\/\/api.w.org\/{rel}","templated":true}]}}