{"id":6638,"date":"2020-04-02T10:17:26","date_gmt":"2020-04-02T10:17:26","guid":{"rendered":"https:\/\/evotek.md\/?post_type=product&#038;p=6638"},"modified":"2020-04-02T10:17:26","modified_gmt":"2020-04-02T10:17:26","slug":"spatula-perforata-monoblok-390-mm-st-312390","status":"publish","type":"product","link":"https:\/\/evotek.md\/ro\/produse\/accesorii-si-inventar-bucatarie\/spatula\/spatula-perforata-monoblok-390-mm-st-312390\/","title":{"rendered":"SPATUL\u0102 PERFORAT\u0102 Monoblok 390 mm -ST-312390"},"content":{"rendered":"<p><strong>SPATUL\u0102 PERFORAT\u0102 Monoblok 390 mm -ST-312390-<\/strong> Acesta este un instrument integral at\u00e2t \u00een buc\u0103t\u0103ria profesional\u0103, c\u00e2t \u0219i \u00een cea de acas\u0103.<\/p>\n<p>Caracteristici<\/p>\n<p>Lungimea m\u00e2nerului: 390 mm<\/p>\n<p>Tip: perforat\u0103<\/p>\n<p>Material: inox<\/p>\n<p>Produc\u0103tor: Stalgast, Polonia<\/p>\n<p>&nbsp;<\/p>\n<p>&nbsp;<\/p>\n","protected":false},"excerpt":{"rendered":"<p>Spatul\u0103 perforat\u0103. Lungimea m\u00e2nerului: 390 mm.<\/p>\n","protected":false},"featured_media":6637,"template":"","meta":[],"_links":{"self":[{"href":"https:\/\/evotek.md\/ro\/wp-json\/wp\/v2\/product\/6638"}],"collection":[{"href":"https:\/\/evotek.md\/ro\/wp-json\/wp\/v2\/product"}],"about":[{"href":"https:\/\/evotek.md\/ro\/wp-json\/wp\/v2\/types\/product"}],"wp:featuredmedia":[{"embeddable":true,"href":"https:\/\/evotek.md\/ro\/wp-json\/wp\/v2\/media\/6637"}],"wp:attachment":[{"href":"https:\/\/evotek.md\/ro\/wp-json\/wp\/v2\/media?parent=6638"}],"curies":[{"name":"wp","href":"https:\/\/api.w.org\/{rel}","templated":true}]}}