{"id":6632,"date":"2020-04-02T10:13:25","date_gmt":"2020-04-02T10:13:59","guid":{"rendered":"https:\/\/evotek.md\/?post_type=product&#038;p=6632"},"modified":"2022-11-17T15:11:50","modified_gmt":"2022-11-17T15:11:50","slug":"spatula-perforata-monoblok-400-mm-st-320080","status":"publish","type":"product","link":"https:\/\/evotek.md\/ro\/produse\/accesorii-si-inventar-bucatarie\/spatula\/spatula-perforata-monoblok-400-mm-st-320080\/","title":{"rendered":"SPATUL\u0102 PERFORAT\u0102 Monoblok 400 mm -ST- 320080"},"content":{"rendered":"<p><strong>SPATUL\u0102 PERFORAT\u0102 Monoblok 400 mm -ST-<\/strong> <strong>320080-<\/strong> Acesta este un instrument integral at\u00e2t \u00een buc\u0103t\u0103ria profesional\u0103, c\u00e2t \u0219i \u00een cea de acas\u0103.<\/p>\n<p>Caracteristici<\/p>\n<p>Lungimea m\u00e2nerului: 400 mm<\/p>\n<p>Dimensiuni lopatica: 10&#215;12 cm<\/p>\n<p>Tip: perforat\u0103<\/p>\n<p>Material: inox<\/p>\n<p>Grosimea m\u00e2nerului: 2,7 mm<\/p>\n<p>Produc\u0103tor: Stalgast, Polonia<\/p>\n<p>&nbsp;<\/p>\n<p>&nbsp;<\/p>\n","protected":false},"excerpt":{"rendered":"<p>Spatul\u0103 perforat\u0103. Lungimea m\u00e2nerului: 400 mm; Dimensiuni lopatica: 10&#215;12 cm; Tip: perforat\u0103; Material: inox; Grosimea m\u00e2nerului: 2,7 mm; Produc\u0103tor: Stalgast, Polonia.<\/p>\n","protected":false},"featured_media":6631,"template":"","meta":[],"_links":{"self":[{"href":"https:\/\/evotek.md\/ro\/wp-json\/wp\/v2\/product\/6632"}],"collection":[{"href":"https:\/\/evotek.md\/ro\/wp-json\/wp\/v2\/product"}],"about":[{"href":"https:\/\/evotek.md\/ro\/wp-json\/wp\/v2\/types\/product"}],"wp:featuredmedia":[{"embeddable":true,"href":"https:\/\/evotek.md\/ro\/wp-json\/wp\/v2\/media\/6631"}],"wp:attachment":[{"href":"https:\/\/evotek.md\/ro\/wp-json\/wp\/v2\/media?parent=6632"}],"curies":[{"name":"wp","href":"https:\/\/api.w.org\/{rel}","templated":true}]}}