{"id":6627,"date":"2020-04-02T10:08:41","date_gmt":"2020-04-02T10:08:41","guid":{"rendered":"https:\/\/evotek.md\/?post_type=product&#038;p=6627"},"modified":"2021-09-06T11:06:22","modified_gmt":"2021-09-06T11:06:22","slug":"spatula-pentru-amestec-750-st-314075","status":"publish","type":"product","link":"https:\/\/evotek.md\/ro\/produse\/accesorii-si-inventar-bucatarie\/spatula\/spatula-pentru-amestec-750-st-314075\/","title":{"rendered":"SPATUL\u0102 PENTRU AMESTECAT 750 -ST-314075"},"content":{"rendered":"<p><strong>SPATUL\u0102 PENTRU AMESTECAT 750 -ST-314075-<\/strong> Acesta este un instrument integral at\u00e2t \u00een buc\u0103t\u0103ria profesional\u0103, c\u00e2t \u0219i \u00een cea de acas\u0103.<\/p>\n<p>Caracteristici<\/p>\n<p>Lungimea m\u00e2nerului: 750 mm<\/p>\n<p>Grosimea: 20 mm<\/p>\n<p>Tip: pentru amestec<\/p>\n<p>Material: Lemn (fag)<\/p>\n<p>Produc\u0103tor: Stalgast, Polonia<\/p>\n<p>&nbsp;<\/p>\n<p>&nbsp;<\/p>\n","protected":false},"excerpt":{"rendered":"<p>Spatul\u0103 pentru amestecat. Lungimea m\u00e2nerului: 750 mm; Grosimea: 20 mm.<\/p>\n","protected":false},"featured_media":6625,"template":"","meta":[],"_links":{"self":[{"href":"https:\/\/evotek.md\/ro\/wp-json\/wp\/v2\/product\/6627"}],"collection":[{"href":"https:\/\/evotek.md\/ro\/wp-json\/wp\/v2\/product"}],"about":[{"href":"https:\/\/evotek.md\/ro\/wp-json\/wp\/v2\/types\/product"}],"wp:featuredmedia":[{"embeddable":true,"href":"https:\/\/evotek.md\/ro\/wp-json\/wp\/v2\/media\/6625"}],"wp:attachment":[{"href":"https:\/\/evotek.md\/ro\/wp-json\/wp\/v2\/media?parent=6627"}],"curies":[{"name":"wp","href":"https:\/\/api.w.org\/{rel}","templated":true}]}}