{"id":6626,"date":"2020-04-02T10:09:33","date_gmt":"2020-04-02T10:09:33","guid":{"rendered":"https:\/\/evotek.md\/?post_type=product&#038;p=6626"},"modified":"2021-11-05T11:45:15","modified_gmt":"2021-11-05T11:45:15","slug":"masa-dulap-usa-cu-deschidere-exterioara-stv-1dr-n","status":"publish","type":"product","link":"https:\/\/evotek.md\/ro\/produse\/mobila-din-inox\/mese-dulap-din-inox\/masa-dulap-usa-cu-deschidere-exterioara-stv-1dr-n\/","title":{"rendered":"MAS\u0102-DULAP CU U\u0218\u0102 -STV-1DR-N"},"content":{"rendered":"<p><strong>MAS\u0102-DULAP CU U\u0218\u0102 -STV-1DR-N-<\/strong> Mesele din inox cu dulap sunt folosite ca suprafe\u021be de lucru \u00een buc\u0103t\u0103rie, de asemenea pentru depozitarea vaselor, ustensilelor de buc\u0103t\u0103rie sau a produselor alimentare \u00eentr-un spa\u021biu protejat. Mas\u0103 din inox cu dulap \u0219i f\u0103r\u0103 rafturi cu spa\u021biu destinat pentru ma\u0219in\u0103 de sp\u0103lat vase sau alte utilaje pentru buc\u0103t\u0103rie.<\/p>\n<p>Caracteristici<br \/>\nBlatul, tumba \u0219i carcasa: o\u021bel inoxidabil<br \/>\nParametri (l\/l\/\u00ee): 800-1100&#215;500-700&#215;850 mm<br \/>\nNumar de u\u0219i: 1 buc.<\/p>\n","protected":false},"excerpt":{"rendered":"<p>Mas\u0103-dulap din o\u021bel inoxidabil cu u\u0219\u0103 f\u0103r\u0103 raft. Blatul, tumba \u0219i carcasa: o\u021bel inoxidabil; Parametri (l\/l\/\u00ee): 800-1100&#215;500-700&#215;850 mm; Numar de u\u0219i: 1 buc.<\/p>\n<p>*Masa din inox cu dulap poate fi realizat\u0103 dup\u0103 proiectul individual.<\/p>\n","protected":false},"featured_media":6617,"template":"","meta":[],"_links":{"self":[{"href":"https:\/\/evotek.md\/ro\/wp-json\/wp\/v2\/product\/6626"}],"collection":[{"href":"https:\/\/evotek.md\/ro\/wp-json\/wp\/v2\/product"}],"about":[{"href":"https:\/\/evotek.md\/ro\/wp-json\/wp\/v2\/types\/product"}],"wp:featuredmedia":[{"embeddable":true,"href":"https:\/\/evotek.md\/ro\/wp-json\/wp\/v2\/media\/6617"}],"wp:attachment":[{"href":"https:\/\/evotek.md\/ro\/wp-json\/wp\/v2\/media?parent=6626"}],"curies":[{"name":"wp","href":"https:\/\/api.w.org\/{rel}","templated":true}]}}