{"id":6611,"date":"2020-04-02T10:01:51","date_gmt":"2020-04-02T10:01:51","guid":{"rendered":"https:\/\/evotek.md\/?post_type=product&#038;p=6611"},"modified":"2020-04-02T10:01:51","modified_gmt":"2020-04-02T10:01:51","slug":"spatula-pentru-a-intoarce-300-st-325080","status":"publish","type":"product","link":"https:\/\/evotek.md\/ro\/produse\/accesorii-si-inventar-bucatarie\/spatula\/spatula-pentru-a-intoarce-300-st-325080\/","title":{"rendered":"SPATUL\u0102 PENTRU A \u00ceNTOARCE 300 -ST-325080"},"content":{"rendered":"<p><strong>SPATUL\u0102 PENTRU A \u00ceNTOARCE 300 -ST-325080-<\/strong> Acesta este un instrument integral at\u00e2t \u00een buc\u0103t\u0103ria profesional\u0103, c\u00e2t \u0219i \u00een cea de acas\u0103.<\/p>\n<p>Caracteristici<\/p>\n<p>Lungimea m\u00e2nerului: 300 mm<\/p>\n<p>Tip: perforat\u0103<\/p>\n<p>Material: termoplastic<\/p>\n<p>Produc\u0103tor: Stalgast, Polonia<\/p>\n<p>&nbsp;<\/p>\n<p>&nbsp;<\/p>\n","protected":false},"excerpt":{"rendered":"<p>Spatul\u0103 pentru a \u00eentoarce. Lungimea m\u00e2nerului: 300 mm.<\/p>\n","protected":false},"featured_media":6610,"template":"","meta":[],"_links":{"self":[{"href":"https:\/\/evotek.md\/ro\/wp-json\/wp\/v2\/product\/6611"}],"collection":[{"href":"https:\/\/evotek.md\/ro\/wp-json\/wp\/v2\/product"}],"about":[{"href":"https:\/\/evotek.md\/ro\/wp-json\/wp\/v2\/types\/product"}],"wp:featuredmedia":[{"embeddable":true,"href":"https:\/\/evotek.md\/ro\/wp-json\/wp\/v2\/media\/6610"}],"wp:attachment":[{"href":"https:\/\/evotek.md\/ro\/wp-json\/wp\/v2\/media?parent=6611"}],"curies":[{"name":"wp","href":"https:\/\/api.w.org\/{rel}","templated":true}]}}