{"id":6608,"date":"2020-04-02T10:00:43","date_gmt":"2020-04-02T10:00:43","guid":{"rendered":"https:\/\/evotek.md\/?post_type=product&#038;p=6608"},"modified":"2021-11-05T12:06:47","modified_gmt":"2021-11-05T12:06:47","slug":"masa-dulap-cu-sertare-si-rafturi-deschise-stv-3s-1r","status":"publish","type":"product","link":"https:\/\/evotek.md\/ro\/produse\/mobila-din-inox\/mese-dulap-din-inox\/masa-dulap-cu-sertare-si-rafturi-deschise-stv-3s-1r\/","title":{"rendered":"MAS\u0102-DULAP CU SERTARE \u0218I RAFT -STV-3S-1R"},"content":{"rendered":"<p><strong>MAS\u0102-DULAP CU SERTARE \u0218I RAFT -STV-3S-1R-<\/strong> Mesele din inox cu dulap sunt folosite ca suprafe\u021be de lucru \u00een buc\u0103t\u0103rie, de asemenea pentru depozitarea vaselor, ustensilelor de buc\u0103t\u0103rie sau a produselor alimentare \u00eentr-un spa\u021biu protejat. Masa dulap cu sertare \u0219i rafturi deschise poate fi realizat\u0103 conform proiectului individual.<\/p>\n<p>Caractrristici<br \/>\nParametri (l\/l\/\u00ee): 500-700\u00d7500-700\u00d7850 mm<br \/>\nNumar sertare: 3 buc.<br \/>\nNumar rafturi: 1-2 buc.<\/p>\n","protected":false},"excerpt":{"rendered":"<p>Mas\u0103-dulap din inox cu sertare \u0219i cu rafturi deschise. Fabricat\u0103 \u00een totalitate din inox cu o l\u0103\u021bime de la 500 p\u00e2n\u0103 la 700 mm, iar lungimea poate fi de la 800 p\u00e2n\u0103 la 1100 mm.<\/p>\n<p>Masa din inox cu dulap poate fi realizat\u0103 dup\u0103 proiectul individual.<\/p>\n","protected":false},"featured_media":26232,"template":"","meta":[],"_links":{"self":[{"href":"https:\/\/evotek.md\/ro\/wp-json\/wp\/v2\/product\/6608"}],"collection":[{"href":"https:\/\/evotek.md\/ro\/wp-json\/wp\/v2\/product"}],"about":[{"href":"https:\/\/evotek.md\/ro\/wp-json\/wp\/v2\/types\/product"}],"wp:featuredmedia":[{"embeddable":true,"href":"https:\/\/evotek.md\/ro\/wp-json\/wp\/v2\/media\/26232"}],"wp:attachment":[{"href":"https:\/\/evotek.md\/ro\/wp-json\/wp\/v2\/media?parent=6608"}],"curies":[{"name":"wp","href":"https:\/\/api.w.org\/{rel}","templated":true}]}}