{"id":6587,"date":"2020-04-02T09:57:11","date_gmt":"2020-04-02T09:57:11","guid":{"rendered":"https:\/\/evotek.md\/?post_type=product&#038;p=6587"},"modified":"2020-04-02T09:57:11","modified_gmt":"2020-04-02T09:57:11","slug":"spatula-pentru-a-intoarce-280-st-503205","status":"publish","type":"product","link":"https:\/\/evotek.md\/ro\/produse\/accesorii-si-inventar-bucatarie\/spatula\/spatula-pentru-a-intoarce-280-st-503205\/","title":{"rendered":"SPATUL\u0102 PENTRU A \u00ceNTOARCE 280 -ST-503205"},"content":{"rendered":"<p><strong>SPATUL\u0102 PENTRU A \u00ceNTOARCE 280 -ST-503205-<\/strong> Acesta este un instrument integral at\u00e2t \u00een buc\u0103t\u0103ria profesional\u0103, c\u00e2t \u0219i \u00een cea de acas\u0103.<\/p>\n<p>Caracteristici<\/p>\n<p>Dimensiune: 115\u044590 mm<\/p>\n<p>Lungimea m\u00e2nerului: 280 mm<\/p>\n<p>Tip: pentru a \u00eentoarce<\/p>\n<p>Material: plastic<\/p>\n<p>Produc\u0103tor: Stalgast, Polonia<\/p>\n<p>&nbsp;<\/p>\n<p>&nbsp;<\/p>\n","protected":false},"excerpt":{"rendered":"<p>Spatul\u0103 pentru a \u00eentoarce. Dimensiune: 115\u044590 mm; Lungimea m\u00e2nerului: 280 mm.<\/p>\n","protected":false},"featured_media":6583,"template":"","meta":[],"_links":{"self":[{"href":"https:\/\/evotek.md\/ro\/wp-json\/wp\/v2\/product\/6587"}],"collection":[{"href":"https:\/\/evotek.md\/ro\/wp-json\/wp\/v2\/product"}],"about":[{"href":"https:\/\/evotek.md\/ro\/wp-json\/wp\/v2\/types\/product"}],"wp:featuredmedia":[{"embeddable":true,"href":"https:\/\/evotek.md\/ro\/wp-json\/wp\/v2\/media\/6583"}],"wp:attachment":[{"href":"https:\/\/evotek.md\/ro\/wp-json\/wp\/v2\/media?parent=6587"}],"curies":[{"name":"wp","href":"https:\/\/api.w.org\/{rel}","templated":true}]}}