{"id":6574,"date":"2020-04-02T09:53:00","date_gmt":"2020-04-02T09:53:00","guid":{"rendered":"https:\/\/evotek.md\/?post_type=product&#038;p=6574"},"modified":"2021-11-05T11:27:54","modified_gmt":"2021-11-05T11:27:54","slug":"masa-dulap-cu-sertare-fara-rafturi-stv-3s-n","status":"publish","type":"product","link":"https:\/\/evotek.md\/ro\/produse\/mobila-din-inox\/mese-dulap-din-inox\/masa-dulap-cu-sertare-fara-rafturi-stv-3s-n\/","title":{"rendered":"MAS\u0102-DULAP CU SERTARE -STV-3S-N"},"content":{"rendered":"<p><strong>MAS\u0102-DULAP CU SERTARE -STV-3S-N-<\/strong> Mesele din inox cu dulap sunt folosite ca suprafe\u021be de lucru \u00een buc\u0103t\u0103rie, de asemenea pentru depozitarea vaselor, ustensilelor de buc\u0103t\u0103rie sau a produselor alimentare \u00eentr-un spa\u021biu protejat. Spa\u021biu este destinat pentru ma\u0219in\u0103 de sp\u0103lat vase sau alte utilaje pentru buc\u0103t\u0103rie.<\/p>\n<p>Caracteristici<br \/>\nMaterialul carcasei \u0219i blatului: o\u021bel inoxidabil<br \/>\nParametri (l\/l\/\u00ee): 800-1100&#215;500-700&#215;850 mm<br \/>\nNumar de sertare: 3 buc.<\/p>\n","protected":false},"excerpt":{"rendered":"<p>Mas\u0103-dulap din inox cu 3 sertare f\u0103r\u0103 raft. Materialul carcasei \u0219i blatului: o\u021bel inoxidabil; Parametri (l\/l\/\u00ee): 800-1100&#215;500-700&#215;850 mm; Numar de sertare: 3 buc.<\/p>\n<p>*Masa-dulap din inox cu dulap poate fi realizat\u0103 dup\u0103 proiectul individual.<\/p>\n","protected":false},"featured_media":6558,"template":"","meta":[],"_links":{"self":[{"href":"https:\/\/evotek.md\/ro\/wp-json\/wp\/v2\/product\/6574"}],"collection":[{"href":"https:\/\/evotek.md\/ro\/wp-json\/wp\/v2\/product"}],"about":[{"href":"https:\/\/evotek.md\/ro\/wp-json\/wp\/v2\/types\/product"}],"wp:featuredmedia":[{"embeddable":true,"href":"https:\/\/evotek.md\/ro\/wp-json\/wp\/v2\/media\/6558"}],"wp:attachment":[{"href":"https:\/\/evotek.md\/ro\/wp-json\/wp\/v2\/media?parent=6574"}],"curies":[{"name":"wp","href":"https:\/\/api.w.org\/{rel}","templated":true}]}}