{"id":6550,"date":"2020-04-01T20:14:21","date_gmt":"2020-04-01T20:14:21","guid":{"rendered":"https:\/\/evotek.md\/?post_type=product&#038;p=6550"},"modified":"2021-11-08T11:18:29","modified_gmt":"2021-11-08T11:18:29","slug":"masa-dulap-usa-cu-deschidere-exterioara-stv-1dr","status":"publish","type":"product","link":"https:\/\/evotek.md\/ro\/produse\/mobila-din-inox\/mese-dulap-din-inox\/masa-dulap-usa-cu-deschidere-exterioara-stv-1dr\/","title":{"rendered":"MAS\u0102-DULAP CU U\u0218\u0102 BATANT\u0102 -STV-1DR"},"content":{"rendered":"<p><strong>MAS\u0102-DULAP CU U\u0218\u0102 BATANT\u0102 -STV-1DR-<\/strong> Mesele din inox cu dulap sunt folosite ca suprafe\u021be de lucru \u00een buc\u0103t\u0103rie, de asemenea pentru depozitarea vaselor, ustensilelor de buc\u0103t\u0103rie sau a produselor alimentare \u00eentr-un spa\u021biu protejat.<\/p>\n<p>Caracteristici<br \/>\nBlat, sertare \u0219i carcas: o\u021bel inoxidabil<br \/>\nParametri (l\/l\/a): 500-600\u00d7500-700\u00d7850 mm<br \/>\nNum\u0103r de u\u0219i: 1 buc.<br \/>\nNum\u0103r de rafturi: 2 buc.<\/p>\n","protected":false},"excerpt":{"rendered":"<p>Mas\u0103-dulap cu o u\u0219\u0103 batant\u0103. Blat, sertare \u0219i carcas: o\u021bel inoxidabil; Parametri (l\/l\/a): 500-600\u00d7500-700\u00d7850 mm; Num\u0103r de u\u0219i: 1 buc.; Num\u0103r de rafturi: 2 buc.<\/p>\n<p>*Masa din inox cu dulap poate fi realizat\u0103 dup\u0103 proiectul individual.<\/p>\n","protected":false},"featured_media":6546,"template":"","meta":[],"_links":{"self":[{"href":"https:\/\/evotek.md\/ro\/wp-json\/wp\/v2\/product\/6550"}],"collection":[{"href":"https:\/\/evotek.md\/ro\/wp-json\/wp\/v2\/product"}],"about":[{"href":"https:\/\/evotek.md\/ro\/wp-json\/wp\/v2\/types\/product"}],"wp:featuredmedia":[{"embeddable":true,"href":"https:\/\/evotek.md\/ro\/wp-json\/wp\/v2\/media\/6546"}],"wp:attachment":[{"href":"https:\/\/evotek.md\/ro\/wp-json\/wp\/v2\/media?parent=6550"}],"curies":[{"name":"wp","href":"https:\/\/api.w.org\/{rel}","templated":true}]}}