{"id":6530,"date":"2020-04-01T19:54:01","date_gmt":"2020-04-01T19:54:01","guid":{"rendered":"https:\/\/evotek.md\/?post_type=product&#038;p=6530"},"modified":"2021-11-08T10:54:50","modified_gmt":"2021-11-08T10:54:50","slug":"masa-dulap-usile-cu-deschidere-exterioara-stv-4dr","status":"publish","type":"product","link":"https:\/\/evotek.md\/ro\/produse\/mobila-din-inox\/mese-dulap-din-inox\/masa-dulap-usile-cu-deschidere-exterioara-stv-4dr\/","title":{"rendered":"MAS\u0102-DULAP CU U\u0218I BATANTE -STV-4DR"},"content":{"rendered":"<p><strong>MAS\u0102-DULAP CU U\u0218I BATANTE -STV-4DR-<\/strong> Mesele din inox cu dulap sunt folosite ca suprafe\u021be de lucru \u00een buc\u0103t\u0103rie, de asemenea pentru depozitarea vaselor, ustensilelor de buc\u0103t\u0103rie sau a produselor alimentare \u00eentr-un spa\u021biu protejat.<\/p>\n<p>Caracteristici<br \/>\nBlatul \u0219i carcasa: o\u021bel inoxidabil<br \/>\nParametri (l \/l\/h): 1500-2000\u00d7500-700\u00d7850 mm<br \/>\nNum\u0103r de u\u0219i: 4 buc.<br \/>\nNum\u0103r de rafturi: 4 buc.<\/p>\n","protected":false},"excerpt":{"rendered":"<p>Mas\u0103-dulap cu 4 u\u0219i batante. Blatul \u0219i carcasa: o\u021bel inoxidabil; Parametri (l \/l\/h): 1500-2000\u00d7500-700\u00d7850 mm; Num\u0103r de u\u0219i: 4 buc.; Num\u0103r de rafturi: 4 buc.<\/p>\n<p>*Masa-dulap poate fi realizat\u0103 dup\u0103 proiectul individual.<\/p>\n","protected":false},"featured_media":6531,"template":"","meta":[],"_links":{"self":[{"href":"https:\/\/evotek.md\/ro\/wp-json\/wp\/v2\/product\/6530"}],"collection":[{"href":"https:\/\/evotek.md\/ro\/wp-json\/wp\/v2\/product"}],"about":[{"href":"https:\/\/evotek.md\/ro\/wp-json\/wp\/v2\/types\/product"}],"wp:featuredmedia":[{"embeddable":true,"href":"https:\/\/evotek.md\/ro\/wp-json\/wp\/v2\/media\/6531"}],"wp:attachment":[{"href":"https:\/\/evotek.md\/ro\/wp-json\/wp\/v2\/media?parent=6530"}],"curies":[{"name":"wp","href":"https:\/\/api.w.org\/{rel}","templated":true}]}}