{"id":6529,"date":"2020-04-01T19:47:54","date_gmt":"2020-04-01T19:47:54","guid":{"rendered":"https:\/\/evotek.md\/?post_type=product&#038;p=6529"},"modified":"2021-11-08T10:08:05","modified_gmt":"2021-11-08T10:08:05","slug":"masa-dulap-usile-cu-deschidere-exterioara-stv-3dr","status":"publish","type":"product","link":"https:\/\/evotek.md\/ro\/produse\/mobila-din-inox\/mese-dulap-din-inox\/masa-dulap-usile-cu-deschidere-exterioara-stv-3dr\/","title":{"rendered":"MAS\u0102-DULAP CU U\u0218I BATANTE -STV-3DR"},"content":{"rendered":"<p><strong>MAS\u0102-DULAP CU U\u0218I BATANTE -STV-3DR-<\/strong> Mesele din inox cu dulap sunt folosite ca suprafe\u021be de lucru \u00een buc\u0103t\u0103rie, de asemenea pentru depozitarea vaselor, ustensilelor de buc\u0103t\u0103rie sau a produselor alimentare \u00eentr-un spa\u021biu protejat.<\/p>\n<p>Caracteristici<br \/>\nBlatul \u0219i carcasa: o\u021bel inoxidabil<br \/>\nParametri (l\/l\/h): 1100-1700\u00d7500-700\u00d7850 mm<br \/>\nNum\u0103r de u\u0219i: 3 buc.<br \/>\nNum\u0103r de rafturi: 4 buc.<\/p>\n","protected":false},"excerpt":{"rendered":"<p>Mas\u0103-dulap din inox cu 3 u\u0219i batante. Blatul \u0219i carcasa: o\u021bel inoxidabil; Parametri (l\/l\/h): 1100-1700\u00d7500-700\u00d7850 mm; Num\u0103r de u\u0219i: 3 buc.; Num\u0103r de rafturi: 4 buc.<\/p>\n<p>*Masa-dulap din inox poate fi realizat\u0103 dup\u0103 proiectul individual.<\/p>\n","protected":false},"featured_media":6528,"template":"","meta":[],"_links":{"self":[{"href":"https:\/\/evotek.md\/ro\/wp-json\/wp\/v2\/product\/6529"}],"collection":[{"href":"https:\/\/evotek.md\/ro\/wp-json\/wp\/v2\/product"}],"about":[{"href":"https:\/\/evotek.md\/ro\/wp-json\/wp\/v2\/types\/product"}],"wp:featuredmedia":[{"embeddable":true,"href":"https:\/\/evotek.md\/ro\/wp-json\/wp\/v2\/media\/6528"}],"wp:attachment":[{"href":"https:\/\/evotek.md\/ro\/wp-json\/wp\/v2\/media?parent=6529"}],"curies":[{"name":"wp","href":"https:\/\/api.w.org\/{rel}","templated":true}]}}