{"id":6513,"date":"2020-04-01T19:23:18","date_gmt":"2020-04-01T19:23:18","guid":{"rendered":"https:\/\/evotek.md\/?post_type=product&#038;p=6513"},"modified":"2021-11-08T09:51:31","modified_gmt":"2021-11-08T09:51:31","slug":"masa-dulap-cu-sertare-si-usi-cu-deschidere-exterioara-stv-2dr-3s","status":"publish","type":"product","link":"https:\/\/evotek.md\/ro\/produse\/mobila-din-inox\/mese-dulap-din-inox\/masa-dulap-cu-sertare-si-usi-cu-deschidere-exterioara-stv-2dr-3s\/","title":{"rendered":"MAS\u0102-DULAP CU U\u0218I BATANTE \u0218I SERTARE -STV-2DR-3S"},"content":{"rendered":"<p><strong>MAS\u0102-DULAP CU U\u0218I BATANTE \u0218I SERTARE -STV-2DR-3S-<\/strong> Mesele din inox cu dulap sunt folosite ca suprafe\u021be de lucru \u00een buc\u0103t\u0103rie, de asemenea pentru depozitarea vaselor, ustensilelor de buc\u0103t\u0103rie sau a produselor alimentare \u00eentr-un spa\u021biu protejat.<\/p>\n<p>Caracteristici<br \/>\nBlatul \u0219i carcasa: o\u021bel inoxidabil<br \/>\nParametri (l \/l\/h): 1200-1600\u00d7500-700\u00d7850 mm<br \/>\nNum\u0103r de u\u0219i: 2 buc.<br \/>\nNum\u0103r de rafturi: 2 buc.<br \/>\nNum\u0103r de sertare: 3 buc.<\/p>\n","protected":false},"excerpt":{"rendered":"<p>Mas\u0103-dulap cu 2 u\u0219i batante \u0219i 3 sertare. Blatul \u0219i carcasa: o\u021bel inoxidabil; Parametri (l \/l\/h): 1200-1600\u00d7500-700\u00d7850 mm; Num\u0103r de u\u0219i: 2 buc.; Num\u0103r de rafturi: 2 buc.; Num\u0103r de sertare: 3 buc.<\/p>\n<p>*Masa-dulap din inox poate fi realizat\u0103 dup\u0103 proiectul individual.<\/p>\n","protected":false},"featured_media":6509,"template":"","meta":[],"_links":{"self":[{"href":"https:\/\/evotek.md\/ro\/wp-json\/wp\/v2\/product\/6513"}],"collection":[{"href":"https:\/\/evotek.md\/ro\/wp-json\/wp\/v2\/product"}],"about":[{"href":"https:\/\/evotek.md\/ro\/wp-json\/wp\/v2\/types\/product"}],"wp:featuredmedia":[{"embeddable":true,"href":"https:\/\/evotek.md\/ro\/wp-json\/wp\/v2\/media\/6509"}],"wp:attachment":[{"href":"https:\/\/evotek.md\/ro\/wp-json\/wp\/v2\/media?parent=6513"}],"curies":[{"name":"wp","href":"https:\/\/api.w.org\/{rel}","templated":true}]}}