{"id":6502,"date":"2020-04-01T18:58:39","date_gmt":"2020-04-01T18:58:39","guid":{"rendered":"https:\/\/evotek.md\/?post_type=product&#038;p=6502"},"modified":"2021-11-05T15:01:21","modified_gmt":"2021-11-05T15:01:21","slug":"masa-dulap-cu-sertare-si-usa-cu-deschidere-exterioara-stv-1dr-3s","status":"publish","type":"product","link":"https:\/\/evotek.md\/ro\/produse\/mobila-din-inox\/mese-dulap-din-inox\/masa-dulap-cu-sertare-si-usa-cu-deschidere-exterioara-stv-1dr-3s\/","title":{"rendered":"MAS\u0102-DULAP CU SERTARE \u0218I U\u0218\u0102 -STV-1DR-3S"},"content":{"rendered":"<p><strong>MAS\u0102-DULAP CU SERTARE \u0218I U\u0218\u0102 -STV-1DR-3S-<\/strong> Mesele din inox cu dulap sunt folosite ca suprafe\u021be de lucru \u00een buc\u0103t\u0103rie, de asemenea pentru depozitarea vaselor, ustensilelor de buc\u0103t\u0103rie sau a produselor alimentare \u00eentr-un spa\u021biu protejat.<\/p>\n<p>Caracteristici<br \/>\nBlatul, sertarele \u0219i carcasa: o\u021bel inoxidabil<br \/>\nParametri (l \/l\/\u00ee): 800-1200\u00d7500-700\u00d7850 mm<br \/>\nNum\u0103r sertare: 3 buc.<br \/>\nNum\u0103r de rafturi \u00een dulap: 2 buc.<\/p>\n","protected":false},"excerpt":{"rendered":"<p>Mas\u0103-dulap cu 3 sertare \u0219i u\u0219\u0103 cu deschidere exterioar\u0103. Blatul, sertarele \u0219i carcasa: o\u021bel inoxidabil; Parametri (l \/l\/\u00ee): 800-1200\u00d7500-700\u00d7850 mm; Num\u0103r sertare: 3 buc.; Num\u0103r de rafturi \u00een dulap: 2 buc.<\/p>\n<p>*Masa din inox cu dulap poate fi realizat\u0103 dup\u0103 proiectul individual.<\/p>\n","protected":false},"featured_media":6498,"template":"","meta":[],"_links":{"self":[{"href":"https:\/\/evotek.md\/ro\/wp-json\/wp\/v2\/product\/6502"}],"collection":[{"href":"https:\/\/evotek.md\/ro\/wp-json\/wp\/v2\/product"}],"about":[{"href":"https:\/\/evotek.md\/ro\/wp-json\/wp\/v2\/types\/product"}],"wp:featuredmedia":[{"embeddable":true,"href":"https:\/\/evotek.md\/ro\/wp-json\/wp\/v2\/media\/6498"}],"wp:attachment":[{"href":"https:\/\/evotek.md\/ro\/wp-json\/wp\/v2\/media?parent=6502"}],"curies":[{"name":"wp","href":"https:\/\/api.w.org\/{rel}","templated":true}]}}