{"id":6494,"date":"2020-04-01T18:04:32","date_gmt":"2020-04-01T18:52:19","guid":{"rendered":"https:\/\/evotek.md\/?post_type=product&#038;p=6494"},"modified":"2023-02-21T14:23:31","modified_gmt":"2023-02-21T14:23:31","slug":"stv-2dk","status":"publish","type":"product","link":"https:\/\/evotek.md\/ro\/produse\/mobila-din-inox\/mese-dulap-din-inox\/stv-2dk\/","title":{"rendered":"MASA DULAP CU 2 USI GLISANTE 1900x600x850 mm -STV-2DK"},"content":{"rendered":"<p><strong>MASA DULAP CU 2 USI GLISANTE 1900x600x850 mm -STV-2DK-<\/strong> Mesele din inox cu dulap sunt folosite ca suprafe\u021be de lucru \u00een buc\u0103t\u0103rie, de asemenea pentru depozitarea vaselor, ustensilelor de buc\u0103t\u0103rie sau a produselor alimentare \u00eentr-un spa\u021biu protejat.<\/p>\n<p>Caracteristici<br \/>\nBlatul \u0219i carcasa: o\u021bel inoxidabil<br \/>\nParametri (l \/l\/a): 1900x600x850 mm<br \/>\nNum\u0103r de u\u0219i: 2 buc.<br \/>\nNum\u0103r rafturi: 2 buc.<\/p>\n","protected":false},"excerpt":{"rendered":"<p>Mas\u0103-dulap din o\u021bel inoxidabil cu 2 u\u0219i glisante. Blatul \u0219i carcasa: o\u021bel inoxidabil; Parametri (l \/l\/a): 1900x600x850 mm; Num\u0103r de u\u0219i: 2 buc.; Num\u0103r rafturi: 2 buc.<\/p>\n<p>*Masa din inox cu dulap poate fi realizat\u0103 dup\u0103 proiectul individual.<\/p>\n<p>&nbsp;<\/p>\n","protected":false},"featured_media":6490,"template":"","meta":[],"_links":{"self":[{"href":"https:\/\/evotek.md\/ro\/wp-json\/wp\/v2\/product\/6494"}],"collection":[{"href":"https:\/\/evotek.md\/ro\/wp-json\/wp\/v2\/product"}],"about":[{"href":"https:\/\/evotek.md\/ro\/wp-json\/wp\/v2\/types\/product"}],"wp:featuredmedia":[{"embeddable":true,"href":"https:\/\/evotek.md\/ro\/wp-json\/wp\/v2\/media\/6490"}],"wp:attachment":[{"href":"https:\/\/evotek.md\/ro\/wp-json\/wp\/v2\/media?parent=6494"}],"curies":[{"name":"wp","href":"https:\/\/api.w.org\/{rel}","templated":true}]}}