{"id":6485,"date":"2020-04-01T16:57:07","date_gmt":"2020-04-01T17:19:07","guid":{"rendered":"https:\/\/evotek.md\/?post_type=product&#038;p=6485"},"modified":"2022-09-07T11:14:18","modified_gmt":"2022-09-07T11:14:18","slug":"masa-dulap-cu-usi-cu-deschidere-exterioara-sptr-4","status":"publish","type":"product","link":"https:\/\/evotek.md\/ro\/produse\/mobila-din-inox\/mese-dulap-din-inox\/masa-dulap-cu-usi-cu-deschidere-exterioara-sptr-4\/","title":{"rendered":"MASA-DULAP DIN INOX CU USI BATANTE SI DOUA POLITE 800x700x850 mm -STV-2DR"},"content":{"rendered":"<p><strong>MASA-DULAP DIN INOX CU USI BATANTE SI DOUA POLITE 800x700x850 mm -STV-2DR &#8211;<\/strong> Mesele din inox cu dulap sunt folosite ca suprafe\u021be de lucru \u00een buc\u0103t\u0103rie, de asemenea pentru depozitarea vaselor, ustensilelor de buc\u0103t\u0103rie sau a produselor alimentare \u00eentr-un spa\u021biu protejat.<\/p>\n<p>Caracteristici<br \/>\nBlatul \u0219i carcasa: o\u021bel inoxidabil<br \/>\nParametri (l \/l\/a): 800x700x850 mm<br \/>\nNumar usi: 2 buc.<br \/>\nNumar rafturi: 2 buc.<\/p>\n","protected":false},"excerpt":{"rendered":"<p>Mas\u0103-dulap din inox cu doua u\u0219i batante si doua polite. Blatul \u0219i carcasa: o\u021bel inoxidabil; Parametri (l \/l\/a): 800x700x850 mm; Numar usi: 2 buc.; Numar rafturi: 2 buc. *Masa-dulap din inox poate fi realizat\u0103 dup\u0103 proiectul individual.<\/p>\n","protected":false},"featured_media":6467,"template":"","meta":[],"_links":{"self":[{"href":"https:\/\/evotek.md\/ro\/wp-json\/wp\/v2\/product\/6485"}],"collection":[{"href":"https:\/\/evotek.md\/ro\/wp-json\/wp\/v2\/product"}],"about":[{"href":"https:\/\/evotek.md\/ro\/wp-json\/wp\/v2\/types\/product"}],"wp:featuredmedia":[{"embeddable":true,"href":"https:\/\/evotek.md\/ro\/wp-json\/wp\/v2\/media\/6467"}],"wp:attachment":[{"href":"https:\/\/evotek.md\/ro\/wp-json\/wp\/v2\/media?parent=6485"}],"curies":[{"name":"wp","href":"https:\/\/api.w.org\/{rel}","templated":true}]}}