{"id":6472,"date":"2020-04-01T17:03:22","date_gmt":"2020-04-01T17:03:22","guid":{"rendered":"https:\/\/evotek.md\/?post_type=product&#038;p=6472"},"modified":"2021-02-10T08:33:50","modified_gmt":"2021-02-10T08:33:50","slug":"spatula-pentru-a-intoarce-70%d1%85200-mm-st-503240","status":"publish","type":"product","link":"https:\/\/evotek.md\/ro\/produse\/accesorii-si-inventar-bucatarie\/spatula\/spatula-pentru-a-intoarce-70%d1%85200-mm-st-503240\/","title":{"rendered":"SPATUL\u0102 PENTRU A \u00ceNTOARCE 70\u0445200 mm -ST-503240"},"content":{"rendered":"<p><strong>SPATUL\u0102 PENTRU A \u00ceNTOARCE<\/strong> <strong>70\u0445200 mm -ST-503240- <\/strong>Acesta este un instrument integral at\u00e2t \u00een buc\u0103t\u0103ria profesional\u0103, c\u00e2t \u0219i \u00een cea de acas\u0103.<\/p>\n<p>Caracteristici<\/p>\n<p>Dimensiuni: 200&#215;70 mm<\/p>\n<p>Tip: pentru \u00eentoarcere<\/p>\n<p>Material: inox<\/p>\n<p>Produc\u0103tor: Stalgast, Polonia<\/p>\n<p>&nbsp;<\/p>\n<p>&nbsp;<\/p>\n","protected":false},"excerpt":{"rendered":"<p>Spatul\u0103 pentru a \u00eentoarce cu m\u00e2ner din inox. Dimensiune: 200&#215;70 mm; \u021aara de origine: Polonia.<\/p>\n","protected":false},"featured_media":6443,"template":"","meta":[],"_links":{"self":[{"href":"https:\/\/evotek.md\/ro\/wp-json\/wp\/v2\/product\/6472"}],"collection":[{"href":"https:\/\/evotek.md\/ro\/wp-json\/wp\/v2\/product"}],"about":[{"href":"https:\/\/evotek.md\/ro\/wp-json\/wp\/v2\/types\/product"}],"wp:featuredmedia":[{"embeddable":true,"href":"https:\/\/evotek.md\/ro\/wp-json\/wp\/v2\/media\/6443"}],"wp:attachment":[{"href":"https:\/\/evotek.md\/ro\/wp-json\/wp\/v2\/media?parent=6472"}],"curies":[{"name":"wp","href":"https:\/\/api.w.org\/{rel}","templated":true}]}}