{"id":6458,"date":"2020-04-01T16:48:29","date_gmt":"2020-04-01T16:48:29","guid":{"rendered":"https:\/\/evotek.md\/?post_type=product&#038;p=6458"},"modified":"2020-04-01T16:55:02","modified_gmt":"2020-04-01T16:55:02","slug":"lopatica-pentru-a-intoarce-80%d1%85170-mm-st-334324","status":"publish","type":"product","link":"https:\/\/evotek.md\/ro\/produse\/accesorii-si-inventar-bucatarie\/spatula\/lopatica-pentru-a-intoarce-80%d1%85170-mm-st-334324\/","title":{"rendered":"SPATUL\u0102 PENTRU A \u00ceNTOARCE 80\u0445170 mm -ST-334324"},"content":{"rendered":"<p><strong>SPATUL\u0102 PENTRU A \u00ceNTOARCE<\/strong> <strong>80\u0445170 mm -ST-334324- <\/strong>Acesta este un instrument integral at\u00e2t \u00een buc\u0103t\u0103ria profesional\u0103, c\u00e2t \u0219i \u00een cea de acas\u0103.<\/p>\n<p>Caracteristici<\/p>\n<p>Dimensiuni: 80\u0445170 mm<\/p>\n<p>Lungimea m\u00e2nerului: 170 mm<\/p>\n<p>Tip: pentru \u00eentoarcere<\/p>\n<p>Material: inox, plastic<\/p>\n<p>Produc\u0103tor: Stalgast, Polonia<\/p>\n<p>&nbsp;<\/p>\n<p>&nbsp;<\/p>\n","protected":false},"excerpt":{"rendered":"<p>Spatul\u0103 pentru a \u00eentoarce cu m\u00e2ner din plastic. Dimensiune: 80\u0445170 mm; Lungimea m\u00e2nerului: 170 mm; \u021aara de origine: Polonia.<\/p>\n","protected":false},"featured_media":6457,"template":"","meta":[],"_links":{"self":[{"href":"https:\/\/evotek.md\/ro\/wp-json\/wp\/v2\/product\/6458"}],"collection":[{"href":"https:\/\/evotek.md\/ro\/wp-json\/wp\/v2\/product"}],"about":[{"href":"https:\/\/evotek.md\/ro\/wp-json\/wp\/v2\/types\/product"}],"wp:featuredmedia":[{"embeddable":true,"href":"https:\/\/evotek.md\/ro\/wp-json\/wp\/v2\/media\/6457"}],"wp:attachment":[{"href":"https:\/\/evotek.md\/ro\/wp-json\/wp\/v2\/media?parent=6458"}],"curies":[{"name":"wp","href":"https:\/\/api.w.org\/{rel}","templated":true}]}}