{"id":6452,"date":"2020-04-01T16:43:36","date_gmt":"2020-04-01T16:43:36","guid":{"rendered":"https:\/\/evotek.md\/?post_type=product&#038;p=6452"},"modified":"2020-04-01T17:00:56","modified_gmt":"2020-04-01T17:00:56","slug":"lopatica-pentru-a-intoarce-85%d1%85112-mm-st-334311","status":"publish","type":"product","link":"https:\/\/evotek.md\/ro\/produse\/accesorii-si-inventar-bucatarie\/spatula\/lopatica-pentru-a-intoarce-85%d1%85112-mm-st-334311\/","title":{"rendered":"SPATUL\u0102 PENTRU A \u00ceNTOARCE 85\u0445112 mm -ST-334311"},"content":{"rendered":"<p><strong>SPATUL\u0102 PENTRU A \u00ceNTOARCE<\/strong> <strong>85\u0445112 mm -ST-334311- <\/strong>Acesta este un instrument integral at\u00e2t \u00een buc\u0103t\u0103ria profesional\u0103, c\u00e2t \u0219i \u00een cea de acas\u0103.<\/p>\n<p>Caracteristici<\/p>\n<p>Dimensiuni: 85\u0445112 mm<\/p>\n<p>Lungimea m\u00e2nerului: 112 mm<\/p>\n<p>Tip: pentru \u00eentoarcere<\/p>\n<p>Material: inox, plastic<\/p>\n<p>Produc\u0103tor: Stalgast, Polonia<\/p>\n<p>&nbsp;<\/p>\n<p>&nbsp;<\/p>\n","protected":false},"excerpt":{"rendered":"<p>Spatul\u0103 pentru a \u00eentoarce cu m\u00e2ner din plastic. Dimensiune: 85\u0445112 mm; Lungimea m\u00e2nerului: 112 mm; \u021aara de origine: Polonia.<\/p>\n","protected":false},"featured_media":6451,"template":"","meta":[],"_links":{"self":[{"href":"https:\/\/evotek.md\/ro\/wp-json\/wp\/v2\/product\/6452"}],"collection":[{"href":"https:\/\/evotek.md\/ro\/wp-json\/wp\/v2\/product"}],"about":[{"href":"https:\/\/evotek.md\/ro\/wp-json\/wp\/v2\/types\/product"}],"wp:featuredmedia":[{"embeddable":true,"href":"https:\/\/evotek.md\/ro\/wp-json\/wp\/v2\/media\/6451"}],"wp:attachment":[{"href":"https:\/\/evotek.md\/ro\/wp-json\/wp\/v2\/media?parent=6452"}],"curies":[{"name":"wp","href":"https:\/\/api.w.org\/{rel}","templated":true}]}}