{"id":6447,"date":"2020-04-01T16:37:18","date_gmt":"2020-04-01T16:37:18","guid":{"rendered":"https:\/\/evotek.md\/?post_type=product&#038;p=6447"},"modified":"2022-02-07T12:54:45","modified_gmt":"2022-02-07T12:54:45","slug":"lopatica-pentru-a-intoarce-110%d1%85140-mm-st-503200","status":"publish","type":"product","link":"https:\/\/evotek.md\/ro\/produse\/accesorii-si-inventar-bucatarie\/spatula\/lopatica-pentru-a-intoarce-110%d1%85140-mm-st-503200\/","title":{"rendered":"SPATUL\u0102 DIN INOX CU M\u00c2NER DIN LEMN 110\u0445140 mm -ST-503200"},"content":{"rendered":"<p><strong>SPATUL\u0102 DIN INOX CU M\u00c2NER DIN LEMN<\/strong> <strong>110\u0445140 mm -ST-503200- <\/strong>Acesta este un instrument integral at\u00e2t \u00een buc\u0103t\u0103ria profesional\u0103, c\u00e2t \u0219i \u00een cea de acas\u0103.<\/p>\n<p>Caracteristici<\/p>\n<p>Dimensiuni: 110\u0445140 mm<\/p>\n<p>Lungimea cu m\u00e2ner: 300 mm<\/p>\n<p>Tip: pentru \u00eentoarcere<\/p>\n<p>Material: inox, lemn<\/p>\n<p>Produc\u0103tor: Stalgast, Polonia<\/p>\n<p>&nbsp;<\/p>\n","protected":false},"excerpt":{"rendered":"<p>Spatul\u0103 pentru a \u00eentoarce cu m\u00e2ner din lemn. Dimensiune: 110\u0445140 mm; Lungimea cu m\u00e2ner: 300 mm; \u021aara de origine: Polonia.<\/p>\n","protected":false},"featured_media":6446,"template":"","meta":[],"_links":{"self":[{"href":"https:\/\/evotek.md\/ro\/wp-json\/wp\/v2\/product\/6447"}],"collection":[{"href":"https:\/\/evotek.md\/ro\/wp-json\/wp\/v2\/product"}],"about":[{"href":"https:\/\/evotek.md\/ro\/wp-json\/wp\/v2\/types\/product"}],"wp:featuredmedia":[{"embeddable":true,"href":"https:\/\/evotek.md\/ro\/wp-json\/wp\/v2\/media\/6446"}],"wp:attachment":[{"href":"https:\/\/evotek.md\/ro\/wp-json\/wp\/v2\/media?parent=6447"}],"curies":[{"name":"wp","href":"https:\/\/api.w.org\/{rel}","templated":true}]}}