{"id":6438,"date":"2020-04-01T16:19:36","date_gmt":"2020-04-01T16:19:36","guid":{"rendered":"https:\/\/evotek.md\/?post_type=product&#038;p=6438"},"modified":"2020-04-01T17:04:33","modified_gmt":"2020-04-01T17:04:33","slug":"lopatica-pentru-a-intoarce-370-%d0%bc%d0%bc-st-503235","status":"publish","type":"product","link":"https:\/\/evotek.md\/ro\/produse\/accesorii-si-inventar-bucatarie\/spatula\/lopatica-pentru-a-intoarce-370-%d0%bc%d0%bc-st-503235\/","title":{"rendered":"SPATUL\u0102 PENTRU A \u00ceNTOARCE 370 \u043c\u043c -ST-503235"},"content":{"rendered":"<p><strong>SPATUL\u0102 PENTRU A \u00ceNTOARCE<\/strong> <strong>370 \u043c\u043c -ST-503235- <\/strong>Acesta este un instrument integral at\u00e2t \u00een buc\u0103t\u0103ria profesional\u0103, c\u00e2t \u0219i \u00een cea de acas\u0103. Lopat\u0103 cu m\u00e2ner din plastic.<\/p>\n<p>Caracteristici<\/p>\n<p>Dimensiuni: 200&#215;75 mm<\/p>\n<p>Tip: pentru \u00eentoarcere<\/p>\n<p>Lungime: 370 mm<\/p>\n<p>Material: plastic<\/p>\n<p>Produc\u0103tor: Stalgast, Polonia<\/p>\n<p>&nbsp;<\/p>\n","protected":false},"excerpt":{"rendered":"<p>Spatul\u0103 pentru a \u00eentoarce cu m\u00e2ner din plastic. Dimensiune: 200&#215;75 mm; lungime: 370 mm; \u021aara de origine: Polonia.<\/p>\n","protected":false},"featured_media":6439,"template":"","meta":[],"_links":{"self":[{"href":"https:\/\/evotek.md\/ro\/wp-json\/wp\/v2\/product\/6438"}],"collection":[{"href":"https:\/\/evotek.md\/ro\/wp-json\/wp\/v2\/product"}],"about":[{"href":"https:\/\/evotek.md\/ro\/wp-json\/wp\/v2\/types\/product"}],"wp:featuredmedia":[{"embeddable":true,"href":"https:\/\/evotek.md\/ro\/wp-json\/wp\/v2\/media\/6439"}],"wp:attachment":[{"href":"https:\/\/evotek.md\/ro\/wp-json\/wp\/v2\/media?parent=6438"}],"curies":[{"name":"wp","href":"https:\/\/api.w.org\/{rel}","templated":true}]}}