{"id":6429,"date":"2020-04-01T15:48:11","date_gmt":"2020-04-01T15:49:28","guid":{"rendered":"https:\/\/evotek.md\/?post_type=product&#038;p=6429"},"modified":"2023-07-06T14:58:27","modified_gmt":"2023-07-06T14:58:27","slug":"cutie-depozitara-pentru-aluat-din-polipropilena-st-563407","status":"publish","type":"product","link":"https:\/\/evotek.md\/ro\/produse\/accesorii-si-inventar-bucatarie\/cutii-pentru-aluat\/cutie-depozitara-pentru-aluat-din-polipropilena-st-563407\/","title":{"rendered":"CUTIE DIN POLIPROPILENA PENTRU ALUAT 600x400x70 mm -ST-563407"},"content":{"rendered":"<p><strong>CUTIE DIN POLIPROPILENA PENTRU ALUAT 600x400x70 mm -ST-563407- <\/strong>Recipientul pentru aluat sau semifabricate (pizza, paste) rezist\u0103 la temperaturi sc\u0103zute. Containerele \u00eenchise ermetic vor preveni contaminarea echipamentelor de refrigerare \u0219i vor elimina nevoia de cur\u0103\u021bare frecvent\u0103. Nu permite amestecarea aromelor, \u00een special a condimentelor aromate, cum ar fi ceapa \u0219i usturoiul.<\/p>\n<p>Recipient din polipropilen\u0103 pentru aluat sau semifabricate cu parametri de 600x400x70 mm.<\/p>\n","protected":false},"excerpt":{"rendered":"<p>Recipient din polipropilen\u0103 pentru aluat sau semifabricate cu parametri de 600x400x70 mm.<\/p>\n","protected":false},"featured_media":6428,"template":"","meta":[],"_links":{"self":[{"href":"https:\/\/evotek.md\/ro\/wp-json\/wp\/v2\/product\/6429"}],"collection":[{"href":"https:\/\/evotek.md\/ro\/wp-json\/wp\/v2\/product"}],"about":[{"href":"https:\/\/evotek.md\/ro\/wp-json\/wp\/v2\/types\/product"}],"wp:featuredmedia":[{"embeddable":true,"href":"https:\/\/evotek.md\/ro\/wp-json\/wp\/v2\/media\/6428"}],"wp:attachment":[{"href":"https:\/\/evotek.md\/ro\/wp-json\/wp\/v2\/media?parent=6429"}],"curies":[{"name":"wp","href":"https:\/\/api.w.org\/{rel}","templated":true}]}}