{"id":6411,"date":"2020-04-01T14:51:56","date_gmt":"2020-04-01T14:52:34","guid":{"rendered":"https:\/\/evotek.md\/?post_type=product&#038;p=6411"},"modified":"2024-03-13T13:58:10","modified_gmt":"2024-03-13T13:58:10","slug":"termos-basic-line-10-l-st-051101","status":"publish","type":"product","link":"https:\/\/evotek.md\/ro\/produse\/accesorii-si-inventar-bucatarie\/termos\/termos-basic-line-10-l-st-051101\/","title":{"rendered":"TERMOS DIN INOX 10 LITRI -ST-051101"},"content":{"rendered":"<p><strong>CONTAINER-TERMOS PENTRU TRANSPORTARE Basic Line 10 l -ST-051101- <\/strong>Proiectat pentru a livra m\u00e2nc\u0103ruri, lichide \u0219i m\u00e2nc\u0103ruri preparate pre\u00eenc\u0103lzite la diferite destina\u021bii. Scopul s\u0103u principal este de a p\u0103stra temperatura \u0219i caracteristicile gustului alimentelor. Termosurile de acest tip au calit\u0103\u021bi precum mobilitatea, confortul, fiabilitatea \u0219i durabilitatea.<\/p>\n<p>Caracteristici<br \/>\nCapacitate: 10 litri<br \/>\nInaltime: 210 mm<br \/>\nDiametru: 360 mm<\/p>\n","protected":false},"excerpt":{"rendered":"<p>Container-termos pentru transportare bucate 10 litri. Capacitate: 10 litri; Inaltime: 210 mm; Diametru: 360 mm.<\/p>\n","protected":false},"featured_media":6410,"template":"","meta":[],"_links":{"self":[{"href":"https:\/\/evotek.md\/ro\/wp-json\/wp\/v2\/product\/6411"}],"collection":[{"href":"https:\/\/evotek.md\/ro\/wp-json\/wp\/v2\/product"}],"about":[{"href":"https:\/\/evotek.md\/ro\/wp-json\/wp\/v2\/types\/product"}],"wp:featuredmedia":[{"embeddable":true,"href":"https:\/\/evotek.md\/ro\/wp-json\/wp\/v2\/media\/6410"}],"wp:attachment":[{"href":"https:\/\/evotek.md\/ro\/wp-json\/wp\/v2\/media?parent=6411"}],"curies":[{"name":"wp","href":"https:\/\/api.w.org\/{rel}","templated":true}]}}