{"id":6403,"date":"2020-04-01T14:39:52","date_gmt":"2020-04-01T14:40:34","guid":{"rendered":"https:\/\/evotek.md\/?post_type=product&#038;p=6403"},"modified":"2023-02-10T10:06:02","modified_gmt":"2023-02-10T10:06:02","slug":"geanta-pentru-pizza-st-563452","status":"publish","type":"product","link":"https:\/\/evotek.md\/ro\/produse\/accesorii-si-inventar-bucatarie\/cutii-termice-pentru-depozitare-transportare\/geanta-pentru-pizza-st-563452\/","title":{"rendered":"GEANTA PENTRU PIZZA 550x500x200 mm -ST-563452"},"content":{"rendered":"<p><strong>GEANTA PENTRU PIZZA 550x500x200 mm -ST-563452- <\/strong>Geant\u0103 pentru pizza 550&#215;500 mm, h-200 mm, folosit\u0103 pentru transportarea cutiilor de pizza.<\/p>\n<p>Caracteristici<br \/>\nDin material rezistent &#8211; nailon, rezistent la deteriorare<br \/>\nIzola\u021bia din poliester re\u021bine la maxim temperatura, previne p\u0103trunderea umezelii \u0219i a mirosului<br \/>\nClapet\u0103 mare, basculabil\u0103<br \/>\nBuzunar transparent pentru bancnote, facturi 120&#215;180 mm<br \/>\nAre un nod pentru umera\u0219 \u0219i orificii de ventila\u021bie<br \/>\nEste convenabil s\u0103 transporta\u021bi 4 pizza cu un diametru de 400 mm sau 3 pizza cu un diametru de 450 mm<br \/>\nDimensiune intern\u0103: 550x500x200 mm<\/p>\n<p>&nbsp;<\/p>\n<p>&nbsp;<\/p>\n","protected":false},"excerpt":{"rendered":"<p>Geant\u0103 pentru 4 pizza \u00d8 400 mm, sau 3 pizza \u00d8 450 mm. Din material rezistent &#8211; nailon, rezistent la deteriorare; Izola\u021bia din poliester re\u021bine la maxim temperatura, previne p\u0103trunderea umezelii \u0219i a mirosului; Clapet\u0103 mare, basculabil\u0103; Buzunar transparent pentru bancnote, facturi 120&#215;180 mm; Are un nod pentru umera\u0219 \u0219i orificii de ventila\u021bie; Este convenabil s\u0103 transporta\u021bi 4 pizza cu un diametru de 400 mm sau 3 pizza cu un diametru de 450 mm; Dimensiune intern\u0103: 550x500x200 mm.<\/p>\n","protected":false},"featured_media":6398,"template":"","meta":[],"_links":{"self":[{"href":"https:\/\/evotek.md\/ro\/wp-json\/wp\/v2\/product\/6403"}],"collection":[{"href":"https:\/\/evotek.md\/ro\/wp-json\/wp\/v2\/product"}],"about":[{"href":"https:\/\/evotek.md\/ro\/wp-json\/wp\/v2\/types\/product"}],"wp:featuredmedia":[{"embeddable":true,"href":"https:\/\/evotek.md\/ro\/wp-json\/wp\/v2\/media\/6398"}],"wp:attachment":[{"href":"https:\/\/evotek.md\/ro\/wp-json\/wp\/v2\/media?parent=6403"}],"curies":[{"name":"wp","href":"https:\/\/api.w.org\/{rel}","templated":true}]}}