{"id":6394,"date":"2020-04-01T14:20:00","date_gmt":"2020-04-01T14:22:09","guid":{"rendered":"https:\/\/evotek.md\/?post_type=product&#038;p=6394"},"modified":"2023-05-03T07:00:36","modified_gmt":"2023-05-03T07:00:36","slug":"cutie-termica-pentru-depozitare-si-transportare-6xgn-1-1-st-055106","status":"publish","type":"product","link":"https:\/\/evotek.md\/ro\/produse\/accesorii-si-inventar-bucatarie\/cutii-termice-pentru-depozitare-transportare\/cutie-termica-pentru-depozitare-si-transportare-6xgn-1-1-st-055106\/","title":{"rendered":"CUTIE TERMIC\u0102 PENTRU DEPOZITARE \u0218I TRANSPORTARE 6xGN 1\/1-ST-055106"},"content":{"rendered":"<p><strong>CUTIE TERMIC\u0102 PENTRU DEPOZITARE \u0218I TRANSPORTARE 6xGN 1\/1-ST-055106- <\/strong>Containerul termic este conceput pentru men\u021binerea pe termen lung a temperaturii bucatelor secundare gata preparate, transportul \u0219i depozitarea lor mobil\u0103 \u00een conformitate cu standardele sanitare HACCP actuale. Containerul termic pentru catering kaki este ideal pentru restaurante, cafenele, cantine, buc\u0103t\u0103rii deschise, servicii de livrare gata preparat\u0103, precum \u0219i servicii de catering.<\/p>\n<p>Recipientul termic pentru alimente este fabricat din polipropilen\u0103 umplut\u0103 cu spum\u0103 &#8211; plastic \u0219i ultra-u\u0219oar\u0103, care se caracterizeaz\u0103 prin rezisten\u021b\u0103 ridicat\u0103 la impact, rezisten\u021b\u0103 la uzur\u0103 \u0219i propriet\u0103\u021bi bune de izolare electric\u0103 pe o gam\u0103 larg\u0103 de temperaturi.\u200bRecipientul termic pentru alimente are col\u021buri rotunjite \u0219i ergonomic. manere care garanteaza siguranta in timpul transportului. U\u0219a se deschide prin \u00eendep\u0103rtarea panoului frontal &#8211; men\u021bine regimul de temperatur\u0103 intern\u0103 al camerei, oferind stabilitate termic\u0103 ridicat\u0103. In interior, cutia termica profesionala este dotata cu 6 ghidaje pentru amplasarea recipientelor si tavilor gastronorm GN 1\/1, h-65 mm. Orificiile de pe corp sunt ideale pentru a stivui un termos peste altul. Containerul izolat de catering faciliteaz\u0103 implementarea reglement\u0103rilor HACCP \u00een unit\u0103\u021bile de catering. Pentru identificarea u\u0219oar\u0103 a con\u021binutului containerului sau ruta con\u021bine o zon\u0103 de autocolante. Intervalul de temperatur\u0103 permis al con\u021binutului recipientului -40 p\u00e2n\u0103 la +120\u00b0C.<\/p>\n<p>Este destinat transportului de preparate calde \u0219i reci.<\/p>\n<p>Caracteristici<br \/>\nTip: Recipiente termice<br \/>\nVolum: 93 l<br \/>\nMaterial: O\u021bel inoxidabil \u0219i plastic<br \/>\nDimensiuni: 645x445x625 mm<br \/>\nCutia este dotata cu 6 ghidaje pentru GN 1\/1, h-65 mm.<\/p>\n","protected":false},"excerpt":{"rendered":"<p>Cutie termic\u0103 pentru depozitare \u0219i transportare. Tip: Recipiente termice; Volum: 93 l; Material: O\u021bel inoxidabil \u0219i plastic; Dimensiuni: 645x445x625 mm; Cutia este dotata cu 6 ghidaje pentru GN 1\/1, h-65 mm.<\/p>\n","protected":false},"featured_media":6393,"template":"","meta":[],"_links":{"self":[{"href":"https:\/\/evotek.md\/ro\/wp-json\/wp\/v2\/product\/6394"}],"collection":[{"href":"https:\/\/evotek.md\/ro\/wp-json\/wp\/v2\/product"}],"about":[{"href":"https:\/\/evotek.md\/ro\/wp-json\/wp\/v2\/types\/product"}],"wp:featuredmedia":[{"embeddable":true,"href":"https:\/\/evotek.md\/ro\/wp-json\/wp\/v2\/media\/6393"}],"wp:attachment":[{"href":"https:\/\/evotek.md\/ro\/wp-json\/wp\/v2\/media?parent=6394"}],"curies":[{"name":"wp","href":"https:\/\/api.w.org\/{rel}","templated":true}]}}