{"id":6389,"date":"2020-04-01T14:13:36","date_gmt":"2020-04-01T14:14:16","guid":{"rendered":"https:\/\/evotek.md\/?post_type=product&#038;p=6389"},"modified":"2025-06-27T09:32:22","modified_gmt":"2025-06-27T09:32:22","slug":"st-053870","status":"publish","type":"product","link":"https:\/\/evotek.md\/ro\/produse\/accesorii-si-inventar-bucatarie\/cutii-termice-pentru-depozitare-transportare\/st-053870\/","title":{"rendered":"CUTIE TERMIC\u0102 PENTRU DEPOZITARE \u0218I TRANSPORTARE 6xGN 1\/1 h65 \u043c\u043c -ST-053870"},"content":{"rendered":"<p><strong>CUTIE TERMIC\u0102 PENTRU DEPOZITARE \u0218I TRANSPORTARE 6xGN 1\/1 h65 \u043c\u043c -ST-053870- <\/strong>Fabricat din polietilen\u0103 de culoare kaki. Datorit\u0103 stratului gros izolant de spum\u0103 poliuretanic\u0103, recipientele termice sunt foarte durabile. Proiectat pentru transportul alimentelor calde \u0219i reci.<\/p>\n<p>Caracteristici<\/p>\n<p>Dou\u0103 m\u00e2nere de transport ergonomice<\/p>\n<p>Sigiliu de rezerv\u0103 pe u\u0219\u0103<\/p>\n<p>U\u0219ile se deschid la 270 \u00b0<\/p>\n<p>Dimensiune interioar\u0103: 535x325x495 mm<\/p>\n<p>&nbsp;<\/p>\n<p>&nbsp;<\/p>\n","protected":false},"excerpt":{"rendered":"<p>Cutie termic\u0103 pentru depozitare \u0219i transportare. Dou\u0103 m\u00e2nere de transport ergonomice; Sigiliu de rezerv\u0103 pe u\u0219\u0103; U\u0219ile se deschid la 270 \u00b0; Dimensiune interioar\u0103: 535x325x495 mm.<\/p>\n","protected":false},"featured_media":6388,"template":"","meta":[],"_links":{"self":[{"href":"https:\/\/evotek.md\/ro\/wp-json\/wp\/v2\/product\/6389"}],"collection":[{"href":"https:\/\/evotek.md\/ro\/wp-json\/wp\/v2\/product"}],"about":[{"href":"https:\/\/evotek.md\/ro\/wp-json\/wp\/v2\/types\/product"}],"wp:featuredmedia":[{"embeddable":true,"href":"https:\/\/evotek.md\/ro\/wp-json\/wp\/v2\/media\/6388"}],"wp:attachment":[{"href":"https:\/\/evotek.md\/ro\/wp-json\/wp\/v2\/media?parent=6389"}],"curies":[{"name":"wp","href":"https:\/\/api.w.org\/{rel}","templated":true}]}}