{"id":6364,"date":"2020-04-01T12:56:14","date_gmt":"2020-04-01T12:56:14","guid":{"rendered":"https:\/\/evotek.md\/?post_type=product&#038;p=6364"},"modified":"2020-04-01T12:56:14","modified_gmt":"2020-04-01T12:56:14","slug":"masina-pentru-cafea-mec-vittoria-1sa","status":"publish","type":"product","link":"https:\/\/evotek.md\/ro\/produse\/echipamente-pentru-bar-si-cafea\/masini-pentru-cafea\/masina-pentru-cafea-mec-vittoria-1sa\/","title":{"rendered":"MA\u0218IN\u0102 PENTRU CAFEA -MEC VITTORIA 1SA"},"content":{"rendered":"<p><strong>MA\u0218IN\u0102 PENTRU CAFEA -MEC VITTORIA 1SA- <\/strong>Sunt disponibile ambele versiuni ale ma\u0219inilor de cafea: automate sau semi-automate, corp lucios din inox sau vopsit. Toate modelele sunt echipate cu urm\u0103toarele echipamente standard: Dozare programat\u0103 de cafea \u0219i ap\u0103 cald\u0103; Pulverizator cu abur\/ap\u0103 din inox; \u00cen\u0103l\u021bimea reglabil\u0103 a rezervorului la dou\u0103 niveluri diferite, \u00een func\u021bie de dimensiunea ce\u0219telor \u0219i s paharelor; Cazan de cupru (CU 99,5) cu prelucrare antioxidant\u0103; Ciclul de cur\u0103\u021bare automat\u0103 Supap\u0103 de siguran\u021b\u0103 Umplerea automat\u0103 a rezervorului<\/p>\n<p>Caracteristici<\/p>\n<p>Parametri: 410x540x510 mm<\/p>\n<p>Capacitate cazan: 5 L<\/p>\n<p>Putere: 2000 W<\/p>\n<p>Tensiune: 230 V<\/p>\n<p>Greutate: 34 kg<\/p>\n<p>&nbsp;<\/p>\n","protected":false},"excerpt":{"rendered":"<p>Ma\u0219in\u0103 pentru cafea cu capacitatea de 5 l. Parametri: 410x540x510 mm; Putere: 2000 W; Tensiune: 230 V; Greutate: 34 kg.<\/p>\n","protected":false},"featured_media":6363,"template":"","meta":[],"_links":{"self":[{"href":"https:\/\/evotek.md\/ro\/wp-json\/wp\/v2\/product\/6364"}],"collection":[{"href":"https:\/\/evotek.md\/ro\/wp-json\/wp\/v2\/product"}],"about":[{"href":"https:\/\/evotek.md\/ro\/wp-json\/wp\/v2\/types\/product"}],"wp:featuredmedia":[{"embeddable":true,"href":"https:\/\/evotek.md\/ro\/wp-json\/wp\/v2\/media\/6363"}],"wp:attachment":[{"href":"https:\/\/evotek.md\/ro\/wp-json\/wp\/v2\/media?parent=6364"}],"curies":[{"name":"wp","href":"https:\/\/api.w.org\/{rel}","templated":true}]}}